{"id":11284,"date":"2020-07-14T20:02:38","date_gmt":"2020-07-14T20:02:38","guid":{"rendered":""},"modified":"2026-04-08T18:16:34","modified_gmt":"2026-04-08T16:16:34","slug":"PPLSL-4835","status":"publish","type":"product","link":"https:\/\/pepelasalonline.com\/fr\/product\/PPLSL-4835\/","title":{"rendered":"APEROL AP\u00c9RITIF ITALIEN 70CL"},"content":{"rendered":"<p>11.0% vol. La recette est secr\u00e8te, mais comprend les ingr\u00e9dients suivants : sucre, alcool, infusion de substances v\u00e9g\u00e9tales, ar\u00f4mes, quinine, chlorure de sodium, colorants E-110 et E-124.<\/p>","protected":false},"excerpt":{"rendered":"<ul>\n<li>orange m\u00e9lang\u00e9 \u00e0 du rouge rubis<\/li>\n<li>parfum d'\u00e9corce d'orange, d'herbes et d'ar\u00f4mes floraux<\/li>\n<li>\u00c9tonnamment doux et acide en bouche<\/li>\n<li>Il a un go\u00fbt doux et rafra\u00eechissant<\/li>\n<\/ul>","protected":false},"featured_media":112036,"template":"","meta":[],"product_cat":[1430],"product_tag":[],"class_list":{"0":"post-11284","1":"product","2":"type-product","3":"status-publish","4":"has-post-thumbnail","6":"product_cat-PPLSL-2482-section-44-familia-15-subfamilia-2","8":"first","9":"instock","10":"shipping-taxable","11":"purchasable","12":"product-type-simple"},"_links":{"self":[{"href":"https:\/\/pepelasalonline.com\/fr\/wp-json\/wp\/v2\/product\/11284","targetHints":{"allow":["GET"]}}],"collection":[{"href":"https:\/\/pepelasalonline.com\/fr\/wp-json\/wp\/v2\/product"}],"about":[{"href":"https:\/\/pepelasalonline.com\/fr\/wp-json\/wp\/v2\/types\/product"}],"wp:featuredmedia":[{"embeddable":true,"href":"https:\/\/pepelasalonline.com\/fr\/wp-json\/wp\/v2\/media\/112036"}],"wp:attachment":[{"href":"https:\/\/pepelasalonline.com\/fr\/wp-json\/wp\/v2\/media?parent=11284"}],"wp:term":[{"taxonomy":"product_cat","embeddable":true,"href":"https:\/\/pepelasalonline.com\/fr\/wp-json\/wp\/v2\/product_cat?post=11284"},{"taxonomy":"product_tag","embeddable":true,"href":"https:\/\/pepelasalonline.com\/fr\/wp-json\/wp\/v2\/product_tag?post=11284"}],"curies":[{"name":"wp","href":"https:\/\/api.w.org\/{rel}","templated":true}]}}