{"id":11250,"date":"2020-07-14T20:02:26","date_gmt":"2020-07-14T20:02:26","guid":{"rendered":""},"modified":"2026-04-17T16:45:05","modified_gmt":"2026-04-17T16:45:05","slug":"PPLSL-4706","status":"publish","type":"product","link":"https:\/\/pepelasalonline.com\/fr\/product\/PPLSL-4706\/","title":{"rendered":"GWOON TOMATENSOEP 800ML"},"content":{"rendered":"<p>Eau, jus de citron, huile de colza, amidon de ma\u00efs modifi\u00e9, sel, cr\u00e8me fleurette au lait, lait \u00e9cr\u00e9m\u00e9 en poudre, beurre, farine de bl\u00e9, huile de palme, sucre, ail en poudre, prot\u00e9ines de lait, oignon en poudre, \u00e9mulsifiant 472e, r\u00e9gulateur d'acidit\u00e9 (acide lactique), \u00e9paississant : gomme de guar, stabilisant E340, feuille de laurier.<\/p>","protected":false},"excerpt":{"rendered":"<p>Eau, jus de citron, huile de colza, amidon de ma\u00efs modifi\u00e9, sel, cr\u00e8me fleurette au lait, lait \u00e9cr\u00e9m\u00e9 en poudre, beurre, farine de bl\u00e9, huile de palme, sucre, ail en poudre, prot\u00e9ines de lait, oignon en poudre, \u00e9mulsifiant 472e, r\u00e9gulateur d'acidit\u00e9 (acide lactique), \u00e9paississant : gomme de guar, stabilisant E340, feuille de laurier.<\/p>","protected":false},"featured_media":111509,"template":"","meta":[],"product_cat":[1103],"product_tag":[],"class_list":{"0":"post-11250","1":"product","2":"type-product","3":"status-publish","4":"has-post-thumbnail","6":"product_cat-PPLSL-2612-section-40-familia-9-subfamilia-7","8":"first","9":"instock","10":"shipping-taxable","11":"purchasable","12":"product-type-simple"},"_links":{"self":[{"href":"https:\/\/pepelasalonline.com\/fr\/wp-json\/wp\/v2\/product\/11250","targetHints":{"allow":["GET"]}}],"collection":[{"href":"https:\/\/pepelasalonline.com\/fr\/wp-json\/wp\/v2\/product"}],"about":[{"href":"https:\/\/pepelasalonline.com\/fr\/wp-json\/wp\/v2\/types\/product"}],"wp:featuredmedia":[{"embeddable":true,"href":"https:\/\/pepelasalonline.com\/fr\/wp-json\/wp\/v2\/media\/111509"}],"wp:attachment":[{"href":"https:\/\/pepelasalonline.com\/fr\/wp-json\/wp\/v2\/media?parent=11250"}],"wp:term":[{"taxonomy":"product_cat","embeddable":true,"href":"https:\/\/pepelasalonline.com\/fr\/wp-json\/wp\/v2\/product_cat?post=11250"},{"taxonomy":"product_tag","embeddable":true,"href":"https:\/\/pepelasalonline.com\/fr\/wp-json\/wp\/v2\/product_tag?post=11250"}],"curies":[{"name":"wp","href":"https:\/\/api.w.org\/{rel}","templated":true}]}}