{"id":11228,"date":"2020-07-14T20:02:21","date_gmt":"2020-07-14T20:02:21","guid":{"rendered":""},"modified":"2026-03-24T10:40:15","modified_gmt":"2026-03-24T10:40:15","slug":"PPLSL-2625","status":"publish","type":"product","link":"https:\/\/pepelasalonline.com\/fr\/product\/PPLSL-2625\/","title":{"rendered":"CONIMEX MARINADEMIX SATE 38GR"},"content":{"rendered":"<p>Ingr\u00e9dients : sucre, sel, extrait de levure, gingembre, ail, huile v\u00e9g\u00e9tale (tournesol, palme), maltodextrine, poivron, racine de galanga, poivre noir, oignon en poudre, sauce de soja (soja, BLE), EXTRAIT D'ORGE MALT\u00c9, jus de citron en poudre, cumin, ar\u00f4me. Peut contenir du c\u00e9leri, du lait, des \u0153ufs.<\/p>","protected":false},"excerpt":{"rendered":"<p>Ingr\u00e9dients : sucre, sel, extrait de levure, gingembre, ail, huile v\u00e9g\u00e9tale (tournesol, palme), maltodextrine, poivron, racine de galanga, poivre noir, oignon en poudre, sauce de soja (soja, BLE), EXTRAIT D'ORGE MALT\u00c9, jus de citron en poudre, cumin, ar\u00f4me. Peut contenir du c\u00e9leri, du lait, des \u0153ufs.<\/p>","protected":false},"featured_media":470335,"template":"","meta":[],"product_cat":[1140],"product_tag":[],"class_list":{"0":"post-11228","1":"product","2":"type-product","3":"status-publish","4":"has-post-thumbnail","6":"product_cat-PPLSL-2553-section-40-familia-16-subfamilia-8","8":"first","9":"instock","10":"shipping-taxable","11":"purchasable","12":"product-type-simple"},"_links":{"self":[{"href":"https:\/\/pepelasalonline.com\/fr\/wp-json\/wp\/v2\/product\/11228","targetHints":{"allow":["GET"]}}],"collection":[{"href":"https:\/\/pepelasalonline.com\/fr\/wp-json\/wp\/v2\/product"}],"about":[{"href":"https:\/\/pepelasalonline.com\/fr\/wp-json\/wp\/v2\/types\/product"}],"wp:featuredmedia":[{"embeddable":true,"href":"https:\/\/pepelasalonline.com\/fr\/wp-json\/wp\/v2\/media\/470335"}],"wp:attachment":[{"href":"https:\/\/pepelasalonline.com\/fr\/wp-json\/wp\/v2\/media?parent=11228"}],"wp:term":[{"taxonomy":"product_cat","embeddable":true,"href":"https:\/\/pepelasalonline.com\/fr\/wp-json\/wp\/v2\/product_cat?post=11228"},{"taxonomy":"product_tag","embeddable":true,"href":"https:\/\/pepelasalonline.com\/fr\/wp-json\/wp\/v2\/product_tag?post=11228"}],"curies":[{"name":"wp","href":"https:\/\/api.w.org\/{rel}","templated":true}]}}