{"id":11131,"date":"2020-07-14T20:02:08","date_gmt":"2020-07-14T20:02:08","guid":{"rendered":""},"modified":"2026-03-24T10:40:10","modified_gmt":"2026-03-24T10:40:10","slug":"PPLSL-1094","status":"publish","type":"product","link":"https:\/\/pepelasalonline.com\/fr\/product\/PPLSL-1094\/","title":{"rendered":"SHARWOODS KORMA SAUCE 420gr"},"content":{"rendered":"<p>Eau, cr\u00e8me (26%) (lait), tomates (20%), sucre, noix de coco d\u00e9shydrat\u00e9e (5%), oignon (3%), amidon de ma\u00efs modifi\u00e9, pur\u00e9e de gingembre, pur\u00e9e d'ail, \u00e9pices moulues, sel, r\u00e9gulateur d'acidit\u00e9 (acide lactique), acide (acide citrique), colorant (lut\u00e9ine).<\/p>","protected":false},"excerpt":{"rendered":"<p>Eau, cr\u00e8me (26%) (lait), tomates (20%), sucre, noix de coco d\u00e9shydrat\u00e9e (5%), oignon (3%), amidon de ma\u00efs modifi\u00e9, pur\u00e9e de gingembre, pur\u00e9e d'ail, \u00e9pices moulues, sel, r\u00e9gulateur d'acidit\u00e9 (acide lactique), acide (acide citrique), colorant (lut\u00e9ine).<\/p>","protected":false},"featured_media":722092,"template":"","meta":[],"product_cat":[1088],"product_tag":[],"class_list":{"0":"post-11131","1":"product","2":"type-product","3":"status-publish","4":"has-post-thumbnail","6":"product_cat-PPLSL-1903-section-40-familia-7-subfamilia-10","8":"first","9":"instock","10":"shipping-taxable","11":"purchasable","12":"product-type-simple"},"_links":{"self":[{"href":"https:\/\/pepelasalonline.com\/fr\/wp-json\/wp\/v2\/product\/11131","targetHints":{"allow":["GET"]}}],"collection":[{"href":"https:\/\/pepelasalonline.com\/fr\/wp-json\/wp\/v2\/product"}],"about":[{"href":"https:\/\/pepelasalonline.com\/fr\/wp-json\/wp\/v2\/types\/product"}],"wp:featuredmedia":[{"embeddable":true,"href":"https:\/\/pepelasalonline.com\/fr\/wp-json\/wp\/v2\/media\/722092"}],"wp:attachment":[{"href":"https:\/\/pepelasalonline.com\/fr\/wp-json\/wp\/v2\/media?parent=11131"}],"wp:term":[{"taxonomy":"product_cat","embeddable":true,"href":"https:\/\/pepelasalonline.com\/fr\/wp-json\/wp\/v2\/product_cat?post=11131"},{"taxonomy":"product_tag","embeddable":true,"href":"https:\/\/pepelasalonline.com\/fr\/wp-json\/wp\/v2\/product_tag?post=11131"}],"curies":[{"name":"wp","href":"https:\/\/api.w.org\/{rel}","templated":true}]}}