{"id":11036,"date":"2020-07-14T20:02:03","date_gmt":"2020-07-14T20:02:03","guid":{"rendered":""},"modified":"2026-03-24T10:40:08","modified_gmt":"2026-03-24T10:40:08","slug":"PPLSL-1132","status":"publish","type":"product","link":"https:\/\/pepelasalonline.com\/fr\/product\/PPLSL-1132\/","title":{"rendered":"JEDEN TAG DOPPELKEKS BISCUITS AU CHOCOLAT 500GR"},"content":{"rendered":"<p>Farine de bl\u00e9, sucre, graisse v\u00e9g\u00e9tale, sirop de glucose, poudre \u00e0 lever, bicarbonate d'ammonium, lait \u00e9cr\u00e9m\u00e9 en poudre, sel, l\u00e9cithine,<br \/>\npoudre de cacao<\/p>","protected":false},"excerpt":{"rendered":"<p>Harina de trigo, az\u00facar, grasa vegetal, jarabe de glucosa, gasificante, bicarbonato de amonio, leche desnatada en polvo, sal, lecitina, polvo de cacao<\/p>","protected":false},"featured_media":722096,"template":"","meta":[],"product_cat":[1209],"product_tag":[],"class_list":{"0":"post-11036","1":"product","2":"type-product","3":"status-publish","4":"has-post-thumbnail","6":"product_cat-PPLSL-1989-section-40-familia-22-subfamilia-16","8":"first","9":"instock","10":"shipping-taxable","11":"purchasable","12":"product-type-simple"},"_links":{"self":[{"href":"https:\/\/pepelasalonline.com\/fr\/wp-json\/wp\/v2\/product\/11036","targetHints":{"allow":["GET"]}}],"collection":[{"href":"https:\/\/pepelasalonline.com\/fr\/wp-json\/wp\/v2\/product"}],"about":[{"href":"https:\/\/pepelasalonline.com\/fr\/wp-json\/wp\/v2\/types\/product"}],"wp:featuredmedia":[{"embeddable":true,"href":"https:\/\/pepelasalonline.com\/fr\/wp-json\/wp\/v2\/media\/722096"}],"wp:attachment":[{"href":"https:\/\/pepelasalonline.com\/fr\/wp-json\/wp\/v2\/media?parent=11036"}],"wp:term":[{"taxonomy":"product_cat","embeddable":true,"href":"https:\/\/pepelasalonline.com\/fr\/wp-json\/wp\/v2\/product_cat?post=11036"},{"taxonomy":"product_tag","embeddable":true,"href":"https:\/\/pepelasalonline.com\/fr\/wp-json\/wp\/v2\/product_tag?post=11036"}],"curies":[{"name":"wp","href":"https:\/\/api.w.org\/{rel}","templated":true}]}}