{"id":106379,"date":"2025-07-25T15:00:06","date_gmt":"2025-07-25T15:00:06","guid":{"rendered":""},"modified":"2026-03-31T11:55:09","modified_gmt":"2026-03-31T11:55:09","slug":"pplsl-39087","status":"publish","type":"product","link":"https:\/\/pepelasalonline.com\/fr\/product\/pplsl-39087\/","title":{"rendered":"BAUME \u00c0 L\u00c8VRES BABARIA F-30 PROTECTEUR DES L\u00c8VRES \u00c0 L'ALOE VERA"},"content":{"rendered":"","protected":false},"excerpt":{"rendered":"","protected":false},"featured_media":106522,"template":"","meta":[],"product_cat":[1535],"product_tag":[],"class_list":{"0":"post-106379","1":"product","2":"type-product","3":"status-publish","4":"has-post-thumbnail","6":"product_cat-PPLSL-2293-section-46-familia-2-subfamilia-11","8":"first","9":"instock","10":"shipping-taxable","11":"purchasable","12":"product-type-simple"},"_links":{"self":[{"href":"https:\/\/pepelasalonline.com\/fr\/wp-json\/wp\/v2\/product\/106379","targetHints":{"allow":["GET"]}}],"collection":[{"href":"https:\/\/pepelasalonline.com\/fr\/wp-json\/wp\/v2\/product"}],"about":[{"href":"https:\/\/pepelasalonline.com\/fr\/wp-json\/wp\/v2\/types\/product"}],"wp:featuredmedia":[{"embeddable":true,"href":"https:\/\/pepelasalonline.com\/fr\/wp-json\/wp\/v2\/media\/106522"}],"wp:attachment":[{"href":"https:\/\/pepelasalonline.com\/fr\/wp-json\/wp\/v2\/media?parent=106379"}],"wp:term":[{"taxonomy":"product_cat","embeddable":true,"href":"https:\/\/pepelasalonline.com\/fr\/wp-json\/wp\/v2\/product_cat?post=106379"},{"taxonomy":"product_tag","embeddable":true,"href":"https:\/\/pepelasalonline.com\/fr\/wp-json\/wp\/v2\/product_tag?post=106379"}],"curies":[{"name":"wp","href":"https:\/\/api.w.org\/{rel}","templated":true}]}}