{"id":2494,"date":"2016-03-09T05:41:44","date_gmt":"2016-03-09T05:41:44","guid":{"rendered":"https:\/\/demo2.chethemes.com\/electro\/?page_id=2494"},"modified":"2020-05-22T19:14:57","modified_gmt":"2020-05-22T17:14:57","slug":"historia-de-la-empresa","status":"publish","type":"page","link":"https:\/\/pepelasalonline.com\/fr\/historia-de-la-empresa\/","title":{"rendered":"Historia de la empresa"},"content":{"rendered":"<div  class=\"section-element\"><div class=\"row\"><div class=\"large-12 nasa-col columns\"><div  class=\"wpb_text_column wpb_content_element\"><p>L'entreprise Pepe la Sal a \u00e9t\u00e9 fond\u00e9e en 1935 en tant qu'\u00e9picerie dans la ville de Moraira. Son fondateur \u00e9tait Jos\u00e9 Font Ortol\u00e1, \u00e9galement connu sous le nom de Pepe la Sal et surnomm\u00e9 ainsi parce qu'il vendait du sel dans le village.<\/p>\n<p>Quelques ann\u00e9es plus tard, ses deux fils, Vicente et Jos\u00e9 Font Vives, \u00e9pousent les s\u0153urs Joaquina et Juanita Vall\u00e9s Garc\u00eda. \u00c0 eux deux, ils reprennent l'\u00e9picerie de Moraira et ouvrent une petite \u00e9picerie de 80 m2.<sup>2<\/sup> en 1967, dans lequel des produits alimentaires de base \u00e9taient vendus.<\/p>\n<p>Plus tard, en 1968, ils ont acquis des terres dans l'urbanisation San Jaime, \u00e0 c\u00f4t\u00e9 de la route Moraira-Calpe (KM 3), et ont ouvert une aire d'alimentation d'environ 250 m.<sup>2<\/sup>.<\/p>\n<p>Au fil des ann\u00e9es, il s'est transform\u00e9 pour devenir, en 2003, l'actuel CENTRE COMMERCIAL PEPE LA SAL. Il dispose actuellement d'une surface commerciale de 2 500 m2.<sup>2<\/sup>Les nouveaux magasins sont r\u00e9partis entre le supermarch\u00e9 et une galerie marchande qui abrite diff\u00e9rentes boutiques. L'objectif est d'offrir un meilleur service \u00e0 ses clients, dont la plupart sont des \u00e9trangers.<\/p>\n<p>En 1983, la soci\u00e9t\u00e9 a acquis un supermarch\u00e9 dans le CENTRO COMERCIAL EUROPEO, situ\u00e9 sur la route Moraira-Teulada (KM 1,5), qui a \u00e9t\u00e9 ferm\u00e9 en 2006 en raison de l'ouverture du supermarch\u00e9 situ\u00e9 dans le BARCLAYS COMMERCIAL CENTRE, tr\u00e8s proche du pr\u00e9c\u00e9dent.<\/p>\n<p>En 2000, un supermarch\u00e9 a \u00e9t\u00e9 ouvert dans le centre de Moraira, avec une superficie d'environ 300 m\u00b2.<sup>2<\/sup>dans la rue Las Vi\u00f1as, avec un assortiment plus basique pour la client\u00e8le nationale.<\/p>\n<p>Outre l'ouverture du supermarch\u00e9 dans le centre commercial Barclays en 2006, un supermarch\u00e9 a \u00e9galement \u00e9t\u00e9 ouvert dans le d\u00e9veloppement r\u00e9sidentiel Cumbre del Sol \u00e0 Benitachell, avec une surface de 700 m2.<sup>2<\/sup>.<\/p>\n<p>Depuis 2004, l'entreprise est dirig\u00e9e par les enfants de Joaquina et Vicente, ainsi que par les enfants de Juanita et Jos\u00e9.<\/p>\n<\/div><\/div><\/div><\/div>","protected":false},"excerpt":{"rendered":"","protected":false},"author":1,"featured_media":0,"parent":0,"menu_order":0,"comment_status":"closed","ping_status":"closed","template":"","meta":{"footnotes":""},"class_list":["post-2494","page","type-page","status-publish","hentry"],"_links":{"self":[{"href":"https:\/\/pepelasalonline.com\/fr\/wp-json\/wp\/v2\/pages\/2494","targetHints":{"allow":["GET"]}}],"collection":[{"href":"https:\/\/pepelasalonline.com\/fr\/wp-json\/wp\/v2\/pages"}],"about":[{"href":"https:\/\/pepelasalonline.com\/fr\/wp-json\/wp\/v2\/types\/page"}],"author":[{"embeddable":true,"href":"https:\/\/pepelasalonline.com\/fr\/wp-json\/wp\/v2\/users\/1"}],"replies":[{"embeddable":true,"href":"https:\/\/pepelasalonline.com\/fr\/wp-json\/wp\/v2\/comments?post=2494"}],"version-history":[{"count":4,"href":"https:\/\/pepelasalonline.com\/fr\/wp-json\/wp\/v2\/pages\/2494\/revisions"}],"predecessor-version":[{"id":10383,"href":"https:\/\/pepelasalonline.com\/fr\/wp-json\/wp\/v2\/pages\/2494\/revisions\/10383"}],"wp:attachment":[{"href":"https:\/\/pepelasalonline.com\/fr\/wp-json\/wp\/v2\/media?parent=2494"}],"curies":[{"name":"wp","href":"https:\/\/api.w.org\/{rel}","templated":true}]}}