{"id":2183,"date":"2016-02-28T08:28:22","date_gmt":"2016-02-28T08:28:22","guid":{"rendered":"https:\/\/demo2.chethemes.com\/electro\/?page_id=2183"},"modified":"2024-04-22T23:48:17","modified_gmt":"2024-04-22T21:48:17","slug":"politica-de-privacidad","status":"publish","type":"page","link":"https:\/\/pepelasalonline.com\/fr\/politica-de-privacidad\/","title":{"rendered":"Politique de confidentialit\u00e9"},"content":{"rendered":"<div data-elementor-type=\"wp-page\" data-elementor-id=\"2183\" class=\"elementor elementor-2183\" data-elementor-post-type=\"page\">\n\t\t\t\t<div class=\"elementor-element elementor-element-48e0bdfe e-flex e-con-boxed e-con e-parent\" data-id=\"48e0bdfe\" data-element_type=\"container\">\n\t\t\t\t\t<div class=\"e-con-inner\">\n\t\t\t\t<div class=\"elementor-element elementor-element-9a0c0bc elementor-widget elementor-widget-heading\" data-id=\"9a0c0bc\" data-element_type=\"widget\" data-widget_type=\"heading.default\">\n\t\t\t\t<div class=\"elementor-widget-container\">\n\t\t\t\t\t<h2 class=\"elementor-heading-title elementor-size-default\">Politique de confidentialit\u00e9<\/h2>\t\t\t\t<\/div>\n\t\t\t\t<\/div>\n\t\t\t\t<div class=\"elementor-element elementor-element-666f47e6 elementor-widget elementor-widget-text-editor\" data-id=\"666f47e6\" data-element_type=\"widget\" data-widget_type=\"text-editor.default\">\n\t\t\t\t<div class=\"elementor-widget-container\">\n\t\t\t\t\t\t\t\t\t<div class=\"entry-content\">\n\t\t\t<p>Cette politique de confidentialit\u00e9 est conforme au R\u00e8glement (UE) 2016\/679 du Parlement europ\u00e9en et du Conseil du 27 avril 2016 relatif \u00e0 la protection des personnes physiques \u00e0 l'\u00e9gard du traitement des donn\u00e9es \u00e0 caract\u00e8re personnel et \u00e0 la libre circulation de ces donn\u00e9es (RGPD), \u00e0 la Loi organique 3\/2018 du 5 d\u00e9cembre, sur la protection des donn\u00e9es \u00e0 caract\u00e8re personnel et la garantie des droits num\u00e9riques (LOPDGDD), ainsi que dans tout ce qui n'est pas contraire \u00e0 la r\u00e9glementation susmentionn\u00e9e, \u00e0 la loi organique 15\/1999, sur la protection des donn\u00e9es \u00e0 caract\u00e8re personnel (LOPD) et \u00e0 ses r\u00e8glements d'application, et\/ou \u00e0 ceux qui pourraient les remplacer ou les mettre \u00e0 jour \u00e0 l'avenir.<\/p>\n<p>Notre organisation s'engage \u00e0 respecter la confidentialit\u00e9 de vos donn\u00e9es personnelles. Les donn\u00e9es \u00e0 caract\u00e8re personnel fournies sont n\u00e9cessaires \u00e0 la prestation de nos services et sont trait\u00e9es de mani\u00e8re licite, loyale et transparente, en assurant une s\u00e9curit\u00e9 ad\u00e9quate de vos donn\u00e9es \u00e0 caract\u00e8re personnel, y compris la protection contre le traitement non autoris\u00e9 ou illicite et contre la perte, la destruction ou l'endommagement accidentels gr\u00e2ce \u00e0 la mise en \u0153uvre de mesures techniques et organisationnelles.<\/p>\n<p>Dans ce document, nous souhaitons vous fournir toutes les informations n\u00e9cessaires sur le traitement de vos donn\u00e9es personnelles par cette organisation de mani\u00e8re transparente et \u00e9quitable.<\/p>\n<p><strong>I. - RESPONSABLE DU TRAITEMENT DES DONN\u00c9ES<\/strong><\/p>\n<p><strong>IDENTIT\u00c9 :<\/strong> PEPE LA SAL, S.L.<br>\n<strong>C.I.F. \/ N.I.F. :<\/strong> B-03117785<br>\n<strong>ADRESSE :<\/strong> Ctra. Moraira-Calp, km. 3, 03720 Benissa (Alicante)<br>\n<strong>T\u00c9L\u00c9PHONE :<\/strong> 965 747 225<br>\n<strong>E-MAIL :<\/strong> <a href=\"mailto:administracion@pepelasal.com\">administracion@pepelasal.com<\/a><\/p>\n<p><strong>II. - DESTINATAIRES DES DONN\u00c9ES \u00c0 CARACT\u00c8RE PERSONNEL<\/strong><\/p>\n<p>1.- Les donn\u00e9es personnelles fournies ne feront l'objet d'aucun transfert, \u00e0 moins que cela ne soit stipul\u00e9 dans le traitement sp\u00e9cifique.<\/p>\n<p>2.- \u00c0 titre facultatif, des donn\u00e9es \u00e0 caract\u00e8re personnel peuvent \u00eatre collect\u00e9es dans le cadre de contrats portant sur des services d'informatique d\u00e9mat\u00e9rialis\u00e9e et\/ou des services d'envoi de courriers \u00e9lectroniques, de communication, ainsi que d'autres services informatiques connexes :<\/p>\n<p>- Attribu\u00e9 \u00e0 des soci\u00e9t\u00e9s de services informatiques situ\u00e9es dans l'Espace \u00e9conomique europ\u00e9en (EEE) ou,<\/p>\n<p>- Transf\u00e9r\u00e9 \u00e0 des soci\u00e9t\u00e9s de services informatiques situ\u00e9es en dehors de l'EEE dans le cadre du Privacy Shield (bouclier de protection de la vie priv\u00e9e), qui ont mis en place des garanties ad\u00e9quates pour assurer la s\u00e9curit\u00e9 des donn\u00e9es \u00e0 caract\u00e8re personnel. Vous pouvez obtenir plus d'informations en visitant ce lien : <a href=\"https:\/\/www.privacyshield.gov\/welcome\" target=\"_blank\" rel=\"noopener\">https:\/\/www.privacyshield.gov\/welcome<\/a><\/p>\n<p>3. \u00e0 titre facultatif, aux administrations et autres organismes lorsque cela est n\u00e9cessaire pour respecter les obligations l\u00e9gales.<\/p>\n<p><strong>III. - BASE JURIDIQUE L\u00c9GITIMANT LE TRAITEMENT DES DONN\u00c9ES \u00c0 CARACT\u00c8RE PERSONNEL<\/strong><br>\nPour chaque traitement sp\u00e9cifique de donn\u00e9es \u00e0 caract\u00e8re personnel, nous vous informerons de la base juridique de ce traitement.<\/p>\n<p><strong>IV. - DROITS<\/strong><\/p>\n<p><strong>DROIT D'ACC\u00c8S<\/strong><\/p>\n<p>Le droit d'obtenir du responsable du traitement la confirmation que des donn\u00e9es \u00e0 caract\u00e8re personnel relatives \u00e0 la personne concern\u00e9e font ou ne font pas l'objet d'un traitement et, le cas \u00e9ch\u00e9ant, le droit d'acc\u00e8s aux donn\u00e9es \u00e0 caract\u00e8re personnel et aux informations suivantes : les finalit\u00e9s du traitement, les cat\u00e9gories de donn\u00e9es \u00e0 caract\u00e8re personnel concern\u00e9es, les destinataires ou les cat\u00e9gories de destinataires auxquels les donn\u00e9es \u00e0 caract\u00e8re personnel ont \u00e9t\u00e9 ou seront communiqu\u00e9es, la dur\u00e9e de conservation ou les crit\u00e8res utilis\u00e9s pour d\u00e9terminer cette dur\u00e9e, l'existence du droit de demander au responsable du traitement la rectification ou l'effacement des donn\u00e9es \u00e0 caract\u00e8re personnel ou la limitation du traitement des donn\u00e9es \u00e0 caract\u00e8re personnel relatives \u00e0 la personne concern\u00e9e ou de s'opposer \u00e0 un tel traitement, le droit d'introduire une r\u00e9clamation aupr\u00e8s de l'Agence espagnole de protection des donn\u00e9es (AEPD), l'existence, le cas \u00e9ch\u00e9ant, de d\u00e9cisions automatis\u00e9es, y compris le profilage, lorsque les donn\u00e9es sont transf\u00e9r\u00e9es \u00e0 des pays tiers le droit d'\u00eatre inform\u00e9 des garanties appropri\u00e9es appliqu\u00e9es.<\/p>\n<p><strong>DROIT DE RECTIFICATION<\/strong><\/p>\n<p>Il s'agit du droit de demander la rectification de vos donn\u00e9es personnelles si elles sont inexactes, y compris le droit de compl\u00e9ter les donn\u00e9es incompl\u00e8tes. Il convient de noter qu'en nous fournissant des donn\u00e9es \u00e0 caract\u00e8re personnel par quelque moyen que ce soit, vous garantissez qu'elles sont vraies et exactes et vous vous engagez \u00e0 nous notifier tout changement ou modification de ces donn\u00e9es. Par cons\u00e9quent, tout dommage caus\u00e9 par la communication d'informations erron\u00e9es, inexactes ou incompl\u00e8tes dans les formulaires du site web rel\u00e8ve de la seule responsabilit\u00e9 de l'int\u00e9ress\u00e9.<\/p>\n<p><strong>DROIT D'ANNULATION<\/strong><\/p>\n<p>Il s'agit du droit de demander l'effacement de vos donn\u00e9es \u00e0 caract\u00e8re personnel lorsque, entre autres, elles ne sont plus n\u00e9cessaires aux fins pour lesquelles elles ont \u00e9t\u00e9 collect\u00e9es, ou qu'elles sont trait\u00e9es d'une autre mani\u00e8re, ou que vous retirez votre consentement. Il convient de noter que l'effacement n'a pas lieu lorsque le traitement des donn\u00e9es \u00e0 caract\u00e8re personnel est n\u00e9cessaire, entre autres, au respect d'obligations l\u00e9gales ou \u00e0 la formulation, \u00e0 l'exercice ou \u00e0 la d\u00e9fense de r\u00e9clamations.<\/p>\n<p><strong>DROIT \u00c0 LA LIMITATION<\/strong><\/p>\n<p>Il s'agit du droit de demander que nous limitions le traitement de vos donn\u00e9es \u00e0 caract\u00e8re personnel, ce qui signifie que, dans certains cas, vous pouvez nous demander d'arr\u00eater temporairement le traitement de vos donn\u00e9es \u00e0 caract\u00e8re personnel ou de les conserver plus longtemps que n\u00e9cessaire lorsque vous pourriez en avoir besoin.<\/p>\n<p><strong>DROIT DE RETIRER SON CONSENTEMENT<\/strong><\/p>\n<p>Il s'agit du droit de retirer le consentement que vous avez donn\u00e9 en marquant <em>\"J'ai lu et j'accepte la politique de confidentialit\u00e9.<\/em> \u00e0 tout moment et selon les modalit\u00e9s pr\u00e9cis\u00e9es dans la section correspondante \"Exercice des droits\" ou dans le traitement sp\u00e9cifique des communications commerciales ou de la lettre d'information. Il convient de noter que ce droit ne sera pas effectif si, entre autres, le traitement des donn\u00e9es personnelles est n\u00e9cessaire au respect d'une obligation l\u00e9gale, \u00e0 l'ex\u00e9cution et au maintien d'une relation contractuelle, ou \u00e0 la formulation, \u00e0 l'exercice ou \u00e0 la d\u00e9fense de r\u00e9clamations. En outre, le retrait du consentement n'a pas d'effet r\u00e9troactif, c'est-\u00e0-dire qu'il n'affecte pas la l\u00e9galit\u00e9 du traitement fond\u00e9 sur le consentement avant son retrait.<\/p>\n<p><strong>DROIT \u00c0 LA PORTABILIT\u00c9<\/strong><\/p>\n<p>Il s'agit du droit de recevoir les donn\u00e9es \u00e0 caract\u00e8re personnel vous concernant que vous nous avez fournies dans un format structur\u00e9, couramment utilis\u00e9 et lisible par machine, et de les transmettre \u00e0 un autre responsable du traitement, \u00e0 condition que le traitement soit fond\u00e9 sur votre consentement et qu'il soit effectu\u00e9 par des moyens automatis\u00e9s ou informatis\u00e9s.<\/p>\n<p><strong>DROIT D'OPPOSITION<\/strong><\/p>\n<p>Il s'agit du droit de s'opposer au traitement de vos donn\u00e9es \u00e0 caract\u00e8re personnel sur la base de notre int\u00e9r\u00eat l\u00e9gitime. Nous ne traiterons plus vos donn\u00e9es \u00e0 caract\u00e8re personnel \u00e0 moins que nous ne puissions d\u00e9montrer des motifs l\u00e9gitimes imp\u00e9rieux pour le traitement qui pr\u00e9valent sur vos int\u00e9r\u00eats, droits et libert\u00e9s, ou pour la constatation, l'exercice ou la d\u00e9fense de droits.<\/p>\n<p><strong>LE DROIT DE D\u00c9POSER UNE PLAINTE AUPR\u00c8S D'UNE AUTORIT\u00c9 DE CONTR\u00d4LE<\/strong><\/p>\n<p>Si vous pensez que nous traitons vos donn\u00e9es personnelles de mani\u00e8re incorrecte, vous pouvez nous contacter ou vous avez \u00e9galement le droit de d\u00e9poser une plainte aupr\u00e8s de l'Agence espagnole de protection des donn\u00e9es (AEPD) :<\/p>\n<p><a href=\"https:\/\/www.agpd.es\/portalwebAGPD\/index-ides-idphp.php\" target=\"_blank\" rel=\"noopener\">https:\/\/www.agpd.es\/portalwebAGPD\/index-ides-idphp.php<\/a><\/p>\n<p><strong>L'EXERCICE DES DROITS<\/strong><\/p>\n<p>Vous pouvez exercer vos droits en envoyant une lettre \u00e0 l'adresse ci-dessus ou par courrier \u00e9lectronique \u00e0 l'adresse suivante <a href=\"mailto:administracion@pepelasal.com\">administracion@pepelasal.com<\/a>Dans les deux cas, veuillez joindre une copie de votre NIF\/NIE\/Passeport ou d'un document similaire.<\/p>\n<p><strong>V. - TRAITEMENT DES DONN\u00c9ES \u00c0 CARACT\u00c8RE PERSONNEL.<\/strong><\/p>\n<p><strong>DISPOSITIONS G\u00c9N\u00c9RIQUES<\/strong><\/p>\n<p>Les donn\u00e9es \u00e0 caract\u00e8re personnel demand\u00e9es dans chacun des traitements sp\u00e9cifiques sont ad\u00e9quates, pertinentes et limit\u00e9es \u00e0 ce qui est n\u00e9cessaire au regard des finalit\u00e9s pour lesquelles elles sont trait\u00e9es, et respectent donc le principe de la confidentialit\u00e9. <em>minimisation des donn\u00e9es<\/em>.<\/p>\n<p>Les donn\u00e9es personnelles demand\u00e9es dans chacun des traitements sp\u00e9cifiques sont strictement n\u00e9cessaires ; le refus de les fournir signifierait que nous ne serions pas en mesure de fournir le service demand\u00e9.<\/p>\n<p>Les communications de donn\u00e9es \u00e0 caract\u00e8re personnel pr\u00e9vues dans chacun des traitements sp\u00e9cifiques sont dans certains cas n\u00e9cessaires \u00e0 l'ex\u00e9cution et au maintien d'un contrat et dans d'autres cas au respect d'une obligation l\u00e9gale applicable au responsable du traitement.<\/p>\n<p><strong>FORMULAIRE DE CONTACT<\/strong><\/p>\n<p>Les donn\u00e9es personnelles seront trait\u00e9es afin de canaliser les demandes d'information, les suggestions et les plaintes des utilisateurs ou des clients.<\/p>\n<p>La base juridique qui l\u00e9gitime le traitement des donn\u00e9es personnelles est le consentement explicite au marquage des donn\u00e9es. <em>\"J'ai lu et j'accepte la politique de confidentialit\u00e9.<\/em>.<\/p>\n<p>Les donn\u00e9es \u00e0 caract\u00e8re personnel seront conserv\u00e9es pendant une p\u00e9riode de deux ans \u00e0 compter du moment o\u00f9 elles cessent d'\u00eatre trait\u00e9es, sans pr\u00e9judice de l'exercice de vos droits en tant que personne concern\u00e9e.<\/p>\n<p><strong>COMMUNICATIONS COMMERCIALES OU BULLETIN D'INFORMATION<\/strong><\/p>\n<p>Les donn\u00e9es personnelles seront trait\u00e9es pour g\u00e9rer l'abonnement \u00e0 notre Newsletter, y compris l'envoi d'informations personnalis\u00e9es ou non sur nos produits ou services par diff\u00e9rents moyens tels que le t\u00e9l\u00e9phone, l'email ou le SMS. Il est \u00e0 noter que ce type de traitement de donn\u00e9es peut impliquer l'analyse de votre profil d'utilisateur afin de d\u00e9terminer vos pr\u00e9f\u00e9rences et ainsi pouvoir vous envoyer des informations plus adapt\u00e9es \u00e0 vos int\u00e9r\u00eats.<\/p>\n<p>Vous pouvez vous d\u00e9sinscrire de ce type de traitement, en fonction des moyens utilis\u00e9s, de la mani\u00e8re suivante :<\/p>\n<ul>\n<li>Courrier \u00e9lectronique : par le biais du lien \u00e0 cet effet que vous trouverez dans chacune des communications \u00e9lectroniques ou au moyen d'une proc\u00e9dure similaire sp\u00e9cifi\u00e9e dans la communication commerciale.<\/li>\n<li>WhatsApp : Demande de d\u00e9sinscription.<\/li>\n<li>SMS : Demande de d\u00e9sinscription.<\/li>\n<\/ul>\n<p>La base juridique qui l\u00e9gitime le traitement des donn\u00e9es personnelles est le consentement explicite au marquage des donn\u00e9es. <em>\"J'ai lu et j'accepte la politique de confidentialit\u00e9.<\/em>.<\/p>\n<p>Veuillez noter que si WhatsApp est utilis\u00e9, les donn\u00e9es personnelles seront transf\u00e9r\u00e9es \u00e0 WhatsApp Ireland Limited qui est situ\u00e9 dans l'EEE.<\/p>\n<p>Les donn\u00e9es \u00e0 caract\u00e8re personnel seront conserv\u00e9es aussi longtemps que vous n'aurez pas retir\u00e9 votre consentement de la mani\u00e8re d\u00e9crite dans le pr\u00e9sent paragraphe.<\/p>\n<p><strong>FORMULAIRE DE COMMENTAIRES \/ QUESTIONS FR\u00c9QUEMMENT POS\u00c9ES<\/strong><\/p>\n<p>Les donn\u00e9es \u00e0 caract\u00e8re personnel seront trait\u00e9es aux fins indiqu\u00e9es dans les informations de base sur la protection des donn\u00e9es.<\/p>\n<p>La base juridique qui l\u00e9gitime le traitement des donn\u00e9es personnelles est le consentement explicite au marquage des donn\u00e9es. <em>\"J'ai lu et j'accepte la politique de confidentialit\u00e9.<\/em>.<\/p>\n<p>Les donn\u00e9es \u00e0 caract\u00e8re personnel seront conserv\u00e9es pendant une p\u00e9riode de deux ans \u00e0 compter du moment o\u00f9 elles cessent d'\u00eatre trait\u00e9es, sans pr\u00e9judice de l'exercice de vos droits en tant que personne concern\u00e9e.<\/p>\n<p><strong>FORMULAIRE DE COMMERCE \u00c9LECTRONIQUE<\/strong><\/p>\n<p>Les donn\u00e9es personnelles seront trait\u00e9es pour g\u00e9rer vos achats en ligne en traitant vos commandes et retours via nos services en ligne, pour vous envoyer des notifications sur l'\u00e9tat de la livraison ou en cas de probl\u00e8mes avec l'exp\u00e9dition des articles, pour g\u00e9rer vos paiements, pour traiter toute plainte ou question sur la garantie des produits ou services, pour vous identifier et valider votre \u00e2ge l\u00e9gal pour contracter, ainsi que pour, et le cas \u00e9ch\u00e9ant, la formulation, l'exercice ou la d\u00e9fense de r\u00e9clamations.<\/p>\n<p>La base juridique qui l\u00e9gitime le traitement des donn\u00e9es personnelles est le consentement explicite au marquage des donn\u00e9es. <em>\"J'ai lu et j'accepte la politique de confidentialit\u00e9.<\/em>.<\/p>\n<p>Les donn\u00e9es personnelles seront transmises \u00e0 la soci\u00e9t\u00e9 de transport afin de livrer votre commande \u00e0 votre domicile, ainsi qu'aux prestataires de services de paiement.<\/p>\n<p>Les donn\u00e9es \u00e0 caract\u00e8re personnel seront conserv\u00e9es aussi longtemps que vous ne retirerez pas votre consentement, \u00e0 moins qu'elles ne doivent \u00eatre conserv\u00e9es pour le maintien de la relation entre les parties ou pour les ann\u00e9es n\u00e9cessaires \u00e0 l'ex\u00e9cution d'obligations l\u00e9gales.<\/p>\n\t\t<\/div>\t\t\t\t\t\t\t\t<\/div>\n\t\t\t\t<\/div>\n\t\t\t\t\t<\/div>\n\t\t\t\t<\/div>\n\t\t\t\t<\/div>","protected":false},"excerpt":{"rendered":"<p>Pol\u00edtica de privacidad La presente pol\u00edtica de privacidad es conforme al Reglamento (UE) 2016\/679 del Parlamento Europeo y del Consejo, de 27 de abril de 2016, relativo a la protecci\u00f3n de les personas f\u00edsicas en lo que respecta al tratamiento de datos personales y a la libre circulaci\u00f3n de estos datos (RGPD), a Ley Org\u00e1nica [&hellip;]<\/p>\n","protected":false},"author":1,"featured_media":0,"parent":0,"menu_order":0,"comment_status":"closed","ping_status":"closed","template":"","meta":{"footnotes":""},"class_list":["post-2183","page","type-page","status-publish","hentry"],"_links":{"self":[{"href":"https:\/\/pepelasalonline.com\/fr\/wp-json\/wp\/v2\/pages\/2183","targetHints":{"allow":["GET"]}}],"collection":[{"href":"https:\/\/pepelasalonline.com\/fr\/wp-json\/wp\/v2\/pages"}],"about":[{"href":"https:\/\/pepelasalonline.com\/fr\/wp-json\/wp\/v2\/types\/page"}],"author":[{"embeddable":true,"href":"https:\/\/pepelasalonline.com\/fr\/wp-json\/wp\/v2\/users\/1"}],"replies":[{"embeddable":true,"href":"https:\/\/pepelasalonline.com\/fr\/wp-json\/wp\/v2\/comments?post=2183"}],"version-history":[{"count":9,"href":"https:\/\/pepelasalonline.com\/fr\/wp-json\/wp\/v2\/pages\/2183\/revisions"}],"predecessor-version":[{"id":73361,"href":"https:\/\/pepelasalonline.com\/fr\/wp-json\/wp\/v2\/pages\/2183\/revisions\/73361"}],"wp:attachment":[{"href":"https:\/\/pepelasalonline.com\/fr\/wp-json\/wp\/v2\/media?parent=2183"}],"curies":[{"name":"wp","href":"https:\/\/api.w.org\/{rel}","templated":true}]}}