{"id":10586,"date":"2020-06-16T15:44:43","date_gmt":"2020-06-16T13:44:43","guid":{"rendered":"https:\/\/pepelasalonline.com\/?page_id=10586"},"modified":"2024-04-22T23:54:50","modified_gmt":"2024-04-22T21:54:50","slug":"condiciones-generales-de-uso","status":"publish","type":"page","link":"https:\/\/pepelasalonline.com\/fr\/condiciones-generales-de-uso\/","title":{"rendered":"Conditions g\u00e9n\u00e9rales d'utilisation"},"content":{"rendered":"<div data-elementor-type=\"wp-page\" data-elementor-id=\"10586\" class=\"elementor elementor-10586\" data-elementor-post-type=\"page\">\n\t\t\t\t<div class=\"elementor-element elementor-element-4318cf38 e-flex e-con-boxed e-con e-parent\" data-id=\"4318cf38\" data-element_type=\"container\">\n\t\t\t\t\t<div class=\"e-con-inner\">\n\t\t\t\t<div class=\"elementor-element elementor-element-c750eb8 elementor-widget elementor-widget-heading\" data-id=\"c750eb8\" data-element_type=\"widget\" data-widget_type=\"heading.default\">\n\t\t\t\t<div class=\"elementor-widget-container\">\n\t\t\t\t\t<h2 class=\"elementor-heading-title elementor-size-default\">Conditions g\u00e9n\u00e9rales d'utilisation<\/h2>\t\t\t\t<\/div>\n\t\t\t\t<\/div>\n\t\t\t\t<div class=\"elementor-element elementor-element-868bb69 elementor-widget elementor-widget-html\" data-id=\"868bb69\" data-element_type=\"widget\" data-widget_type=\"html.default\">\n\t\t\t\t<div class=\"elementor-widget-container\">\n\t\t\t\t\t<div class=\"entry-content\">\n\t\t\t<p><a href=\"https:\/\/pepelasalonline.com\/fr\/\"><strong>HTTPS:\/\/PEPELASALONLINE.COM<\/strong><\/a><strong>&nbsp; <\/strong><\/p>\n<p><strong>1.- OBJET.<\/strong><\/p>\n<p>Les pr\u00e9sentes conditions g\u00e9n\u00e9rales d'utilisation (ci-apr\u00e8s CGU) r\u00e9gissent l'acc\u00e8s et l'utilisation du site web sous le domaine <a href=\"https:\/\/pepelasalonline.com\/fr\/\">https:\/\/pepelasalonline.com<\/a> (ci-apr\u00e8s d\u00e9nomm\u00e9 \"site web\"), appartenant \u00e0 \"<strong>PEPE LA SAL, S.L.<\/strong>\"(ci-apr\u00e8s <strong>PEPE LA SAL<\/strong>), mis \u00e0 la disposition des utilisateurs (ci-apr\u00e8s d\u00e9nomm\u00e9 le <strong>Utilisateur(s)<\/strong>).<\/p>\n<p>Si vous avez des doutes ou des questions concernant l'utilisation et l'acc\u00e8s au site web ou aux pr\u00e9sentes CGU, vous pouvez nous contacter aux coordonn\u00e9es publi\u00e9es dans les mentions l\u00e9gales.<\/p>\n<p><strong>2.- LA CONFORMIT\u00c9 AUX PR\u00c9SENTES CONDITIONS G\u00c9N\u00c9RALES.<\/strong><\/p>\n<p><em><u>L'utilisation du site web implique l'acceptation totale par l'utilisateur de la <strong>Utilisateur<\/strong> de l'UGT en vigueur \u00e0 un moment donn\u00e9 lors de l'entr\u00e9e en vigueur de l'UGT. <strong>Utilisateur<\/strong> l'acc\u00e8s \u00e0 ce site. Par cons\u00e9quent, si vous n'\u00eates pas d'accord avec l'une des conditions \u00e9nonc\u00e9es dans le pr\u00e9sent document, vous devez vous abstenir d'utiliser ce site web.<\/u><\/em><\/p>\n<p>Par cons\u00e9quent, l'Utilisateur doit lire attentivement les CGU chaque fois qu'il a l'intention d'utiliser le Site web.<\/p>\n<p>En tout \u00e9tat de cause, <strong>PEPE LA SAL <\/strong>se r\u00e9serve le droit de modifier, sans pr\u00e9avis et \u00e0 tout moment, les CGU. Elle se r\u00e9serve \u00e9galement le droit de <strong>PEPE LA SAL <\/strong>se r\u00e9serve le droit de suspendre, d'interrompre ou de cesser l'exploitation du site web \u00e0 tout moment.<\/p>\n<p>Par <strong>\"l'utilisation du site web\".<\/strong>est comprise de tous <strong>Utilisateur<\/strong> qui acc\u00e8de au site web et y navigue, qu'il remplisse ou non les formulaires d'inscription.<\/p>\n<p><strong>3.- CONDITIONS D'ACC\u00c8S ET D'UTILISATION DU SITE ET DE SON CONTENU.<\/strong><\/p>\n<p>L'acc\u00e8s au site web et\/ou aux contenus qu'il contient n'implique aucune garantie quant \u00e0 l'ad\u00e9quation du site web et\/ou des contenus qu'il contient aux objectifs particuliers ou sp\u00e9cifiques des utilisateurs.<\/p>\n<p><strong>PEPE LA SAL<\/strong> peut \u00e9tablir des limitations et\/ou des conditions suppl\u00e9mentaires pour l'utilisation et\/ou l'acc\u00e8s au site web et\/ou aux contenus, qui doivent \u00eatre respect\u00e9es par les utilisateurs dans tous les cas.<\/p>\n<p><strong>3.1- Acc\u00e8s et utilisation du site web.<\/strong><\/p>\n<p>Sauf disposition contraire, l'utilisation du site Web est gratuite, sans pr\u00e9judice du co\u00fbt de la connexion au r\u00e9seau de t\u00e9l\u00e9communications correspondant contract\u00e9 par l'utilisateur. <strong>Utilisateur<\/strong>.<\/p>\n<p>Le <strong>Utilisateur<\/strong> reconna\u00eet \u00eatre \u00e2g\u00e9 de plus de dix-huit ans et \u00eatre conscient et accepte volontairement et express\u00e9ment que l'utilisation du site web se fait en tout \u00e9tat de cause sous sa seule et unique responsabilit\u00e9.<\/p>\n<p>L'utilisateur s'engage \u00e0 respecter les CGU, ainsi que les avertissements ou instructions sp\u00e9ciales contenues sur le site web, et \u00e0 toujours agir conform\u00e9ment \u00e0 la loi, aux bonnes coutumes et aux exigences de la bonne foi, en faisant de son mieux compte tenu de la nature et de la consid\u00e9ration du service dont il b\u00e9n\u00e9ficie. \u00c0 cette fin, vous vous abstiendrez d'utiliser le site web d'une mani\u00e8re susceptible d'entraver, d'endommager ou de d\u00e9t\u00e9riorer le fonctionnement normal de celui-ci, la propri\u00e9t\u00e9 ou les droits de <strong>PEPE LA SAL<\/strong>L'utilisateur, ses fournisseurs, ses distributeurs, les autres utilisateurs ou tout tiers en g\u00e9n\u00e9ral.<\/p>\n<p>En particulier, et sans que cela implique une quelconque restriction de l'obligation assum\u00e9e par le <strong>Utilisateur<\/strong> d'une mani\u00e8re g\u00e9n\u00e9rale conform\u00e9ment au paragraphe pr\u00e9c\u00e9dent, le <strong>Utilisateur<\/strong> est oblig\u00e9 d'utiliser le site web :<\/p>\n<ol>\n<li>a) Ne pas introduire, stocker ou diffuser sur le site web ou \u00e0 partir de celui-ci des informations ou du mat\u00e9riel \u00e0 caract\u00e8re diffamatoire, calomnieux, obsc\u00e8ne, mena\u00e7ant, x\u00e9nophobe, pornographique, faisant l'apologie du terrorisme, incitant \u00e0 la violence, \u00e0 la discrimination fond\u00e9e sur la race, le sexe, l'id\u00e9ologie, la religion ou portant atteinte de quelque mani\u00e8re que ce soit \u00e0 la forme, \u00e0 l'ordre public, aux droits fondamentaux, aux libert\u00e9s publiques, \u00e0 l'honneur, \u00e0 la vie priv\u00e9e ou \u00e0 l'image de tiers et, d'une mani\u00e8re g\u00e9n\u00e9rale, \u00e0 la r\u00e9glementation en vigueur.<\/li>\n<li>b) Ne pas introduire, stocker ou diffuser par l'interm\u00e9diaire du site web un programme informatique, des donn\u00e9es, un virus, un code ou tout autre instrument ou dispositif \u00e9lectronique ou physique susceptible de causer des dommages au site web, \u00e0 l'un des services ou \u00e0 l'un des \u00e9quipements, syst\u00e8mes ou r\u00e9seaux de <strong>PEPE LA SAL<\/strong>de tout utilisateur, des fournisseurs ou des distributeurs de <strong>PEPE LA SAL<\/strong> ou en g\u00e9n\u00e9ral de tout tiers, susceptible de provoquer tout type d'alt\u00e9ration ou d'emp\u00eacher le fonctionnement normal de celui-ci.<\/li>\n<li>c) Ne pas introduire, stocker ou diffuser sur le site Web des contenus qui enfreignent les r\u00e8gles de la propri\u00e9t\u00e9 intellectuelle ou industrielle ou les droits de tiers, ou en g\u00e9n\u00e9ral des contenus qu'il n'a pas le droit, conform\u00e9ment \u00e0 la loi, de mettre \u00e0 la disposition de tiers.<\/li>\n<\/ol>\n<p><strong>3.2- Acc\u00e8s et utilisation du contenu.<\/strong><\/p>\n<p>Le contenu du site web est mis \u00e0 la disposition du <strong>Utilisateur<\/strong> avec des informations provenant de sources propres et de sources tierces.<\/p>\n<p><strong>PEPE LA SAL<\/strong> s'efforce de faire en sorte que le contenu soit de la meilleure qualit\u00e9 possible et raisonnablement \u00e0 jour, mais ne garantit pas l'utilit\u00e9, l'exactitude, l'exhaustivit\u00e9, la pertinence et\/ou l'actualit\u00e9 du contenu.<\/p>\n<p><strong>4.- LES DROITS DE PROPRI\u00c9T\u00c9 INTELLECTUELLE ET INDUSTRIELLE.<\/strong><\/p>\n<p>Les pr\u00e9sentes CGU ne transf\u00e8rent aucun droit de propri\u00e9t\u00e9 intellectuelle ou industrielle sur le site web ou l'un quelconque des \u00e9l\u00e9ments qui le composent, et il est express\u00e9ment interdit de <strong>Utilisateur<\/strong> la reproduction, la transformation, la distribution, la communication publique, la mise \u00e0 disposition, l'extraction, la r\u00e9utilisation, la transmission ou l'utilisation de quelque nature que ce soit, par quelque moyen ou proc\u00e9dure que ce soit, de l'un quelconque d'entre eux, sauf dans les cas o\u00f9 cela est l\u00e9galement permis ou autoris\u00e9 par le titulaire des droits correspondants.<\/p>\n<p>Le <strong>Utilisateur<\/strong> peuvent visualiser et obtenir une copie priv\u00e9e temporaire du contenu pour leur usage exclusivement personnel et priv\u00e9 sur leurs syst\u00e8mes informatiques (logiciel et mat\u00e9riel), \u00e0 condition que ce ne soit pas dans le but d'exercer des activit\u00e9s de nature commerciale ou professionnelle. Les <strong>Utilisateur<\/strong> s'abstiendra d'obtenir ou de tenter d'obtenir le contenu par des moyens ou des proc\u00e9dures autres que ceux qui, dans chaque cas, ont \u00e9t\u00e9 mis \u00e0 disposition ou indiqu\u00e9s \u00e0 cette fin ou que ceux qui sont normalement utilis\u00e9s sur Internet (pour autant que ces derniers ne comportent pas de risque de dommage ou de mise hors service du site Web). Les <strong>Utilisateur<\/strong> doit \u00e0 tout moment respecter tous les droits de propri\u00e9t\u00e9 intellectuelle et industrielle sur le site web, d\u00e9tenus par <strong>PEPE LA SAL<\/strong> ou des tiers.<\/p>\n<p><strong>5.- EXCLUSION DES GARANTIES ET DE LA RESPONSABILIT\u00c9.<\/strong><\/p>\n<p><strong>5.1.- Exclusion des garanties et de la responsabilit\u00e9 pour le fonctionnement du site web.<\/strong><\/p>\n<p><strong>PEPE LA SAL<\/strong> ne garantit pas la disponibilit\u00e9 et la continuit\u00e9 du fonctionnement du site web et des services ou contenus qui y sont propos\u00e9s, ni que les contenus du site web sont \u00e0 jour, et est exon\u00e9r\u00e9e de toute responsabilit\u00e9 pour les dommages de toute nature qui pourraient r\u00e9sulter de ces circonstances.<\/p>\n<p><strong>PEPE LA SAL<\/strong> effectuera, \u00e0 condition qu'il n'y ait pas de circonstances rendant impossible ou difficile l'ex\u00e9cution et d\u00e8s qu'il aura connaissance des erreurs, des d\u00e9connexions et\/ou de l'absence de mise \u00e0 jour des contenus, toutes les t\u00e2ches visant \u00e0 corriger les erreurs, \u00e0 r\u00e9tablir la communication et\/ou \u00e0 mettre \u00e0 jour les contenus susmentionn\u00e9s.<\/p>\n<p>En outre, <strong>PEPE LA SAL<\/strong> ne garantit ni la fiabilit\u00e9 technique de son site web, ni l'acc\u00e8s \u00e0 ses diff\u00e9rentes pages, et est \u00e9galement exon\u00e9r\u00e9e de toute responsabilit\u00e9 pour les dommages de toute nature qui pourraient survenir pour cette raison.<\/p>\n<p>En outre, <strong>PEPE LA SAL<\/strong> n'est pas responsable des erreurs ou des atteintes \u00e0 la s\u00e9curit\u00e9 pouvant r\u00e9sulter de l'utilisation de ce site web par l'utilisateur. <strong>Utilisateur<\/strong> d'un navigateur avec une version obsol\u00e8te ou non s\u00e9curis\u00e9e du navigateur ou pour tout dommage, erreur ou inexactitude pouvant r\u00e9sulter du mauvais fonctionnement du navigateur.<\/p>\n<p>Afin de r\u00e9duire le risque d'introduction de virus sur le site web, elle utilise un logiciel de d\u00e9tection de virus pour v\u00e9rifier tout le contenu qu'elle introduit sur le site web. Cependant, <strong>PEPE LA SAL<\/strong> ne garantit pas l'absence de virus, ni d'autres \u00e9l\u00e9ments sur le site Internet introduits par des tiers ext\u00e9rieurs \u00e0 l'entreprise. <strong>PEPE LA SAL<\/strong> qui peuvent produire des alt\u00e9rations dans les syst\u00e8mes physiques ou logiques des utilisateurs ou dans les documents et fichiers \u00e9lectroniques stock\u00e9s dans leurs syst\u00e8mes. En cons\u00e9quence, <strong>PEPE LA SAL<\/strong> ne sera en aucun cas responsable des dommages de toute nature pouvant r\u00e9sulter de la pr\u00e9sence de virus ou d'autres \u00e9l\u00e9ments susceptibles de provoquer des alt\u00e9rations dans les syst\u00e8mes physiques ou logiques, dans les documents \u00e9lectroniques ou dans les fichiers de l <strong>Utilisateurs<\/strong>.<\/p>\n<p><strong>PEPE LA SAL<\/strong> adopte diverses mesures de protection pour prot\u00e9ger le site web, les donn\u00e9es collect\u00e9es et le contenu contre les attaques informatiques de tiers. Cependant, <strong>PEPE LA SAL<\/strong> ne garantit pas que des tiers non autoris\u00e9s n'auront pas acc\u00e8s au type d'utilisation ou de navigation du site web par l'utilisateur. <strong>Utilisateur<\/strong> ou les conditions, caract\u00e9ristiques et circonstances dans lesquelles il est effectu\u00e9. En cons\u00e9quence, <strong>PEPE LA SAL<\/strong> ne sera en aucun cas responsable des dommages qui pourraient r\u00e9sulter d'un tel acc\u00e8s non autoris\u00e9.<\/p>\n<p><strong>PEPE LA SAL<\/strong> n'est en aucun cas responsable de l'utilisation que les utilisateurs et\/ou les tiers peuvent faire du site web ou des contenus, ni des dommages qui peuvent en d\u00e9couler.<\/p>\n<p><strong>5.2.- Exclusion des garanties et de la responsabilit\u00e9 pour le contenu.<\/strong><\/p>\n<p><strong>PEPE LA SAL<\/strong> n'\u00e9dite pas le contenu de tiers publi\u00e9 sur le site web et, par cons\u00e9quent, ne garantit pas et n'est pas responsable de la l\u00e9galit\u00e9, de la fiabilit\u00e9, de l'utilit\u00e9, de la v\u00e9racit\u00e9, de l'exactitude, de l'exhaustivit\u00e9 et de l'actualit\u00e9 de ce contenu, ni du contenu appartenant \u00e0 <strong>PEPE LA SAL<\/strong>. <strong>PEPE LA SAL<\/strong> ne sera en aucun cas responsable des dommages pouvant r\u00e9sulter : (i) du manque de l\u00e9galit\u00e9, de v\u00e9racit\u00e9, d'exactitude, d'exhaustivit\u00e9 et\/ou d'actualit\u00e9 des contenus provenant de tiers et de ses propres contenus ; (ii) de l'inad\u00e9quation \u00e0 toute fin et de la d\u00e9ception des attentes g\u00e9n\u00e9r\u00e9es par les contenus ; (iii) des d\u00e9cisions ou actions prises ou \u00e9vit\u00e9es par l'utilisateur sur la base des informations ou donn\u00e9es fournies dans les contenus, y compris, sans s'y limiter, la perte de profits ou d'opportunit\u00e9s d'affaires.<\/p>\n<p><strong>6.- LIENS HYPERTEXTES.<\/strong><\/p>\n<p>Les personnes qui ont l'intention d'\u00e9tablir des liens hypertextes entre leur page web et le site web doivent observer et respecter les conditions suivantes :<\/p>\n<ol>\n<li>i) L'autorisation pr\u00e9alable n'est pas requise lorsque l'Hyperlien permet uniquement d'acc\u00e9der \u00e0 la page d'accueil du Site, mais ne peut la reproduire sous quelque forme que ce soit. Toute autre forme d'Hyperlien n\u00e9cessite l'autorisation \u00e9crite, expresse et non \u00e9quivoque de <strong>PEPE LA SAL<\/strong>.<\/li>\n<li>ii) La page web sur laquelle l'hyperlien est \u00e9tabli ne peut contenir que ce qui est strictement n\u00e9cessaire pour identifier la destination de l'hyperlien.<\/li>\n<\/ol>\n<p>iii) La page web sur laquelle l'hyperlien est \u00e9tabli ne doit pas contenir d'informations ou de contenus illicites, contraires \u00e0 la morale et aux bonnes m\u0153urs g\u00e9n\u00e9ralement accept\u00e9es et \u00e0 l'ordre public, ni de contenus contraires aux droits d'un tiers.<\/p>\n<ol>\n<li>iv) <strong>PEPE LA SAL<\/strong> se r\u00e9serve le droit de bloquer les liens hypertextes vers le site web qui n'ont pas fait l'objet d'une autorisation pr\u00e9alable expresse, m\u00eame s'ils sont conformes aux dispositions du pr\u00e9sent point des conditions g\u00e9n\u00e9rales.<\/li>\n<\/ol>\n<p><strong>7.- ACTIONS EN CAS DE NON-CONFORMIT\u00c9.<\/strong><\/p>\n<p><strong>PEPE LA SAL<\/strong> se r\u00e9serve le droit d'exercer toutes les actions pr\u00e9vues par la loi pour exiger les responsabilit\u00e9s d\u00e9coulant de la violation de l'une des dispositions des pr\u00e9sentes conditions g\u00e9n\u00e9rales du site Web par un utilisateur.<\/p>\n<p><strong>8 - NULLIT\u00c9 PARTIELLE.<\/strong><\/p>\n<p>La d\u00e9claration de nullit\u00e9, d'invalidit\u00e9 ou d'inefficacit\u00e9 de l'une quelconque des clauses contenues dans les pr\u00e9sentes conditions g\u00e9n\u00e9rales n'affecte pas la validit\u00e9 ou l'efficacit\u00e9 des autres clauses, qui continuent \u00e0 lier les parties.<\/p>\n<p><strong>9.- DROIT APPLICABLE ET JURIDICTION.<\/strong><\/p>\n<p>Les pr\u00e9sentes CGU sont r\u00e9gies par les dispositions du droit espagnol.<\/p>\n<p>Pour tout litige relatif aux conditions d'utilisation et d'acc\u00e8s \u00e0 ce site Web contenues dans le pr\u00e9sent document des CGU du site Web, les parties se soumettent, en renon\u00e7ant express\u00e9ment \u00e0 toute autre juridiction qui pourrait leur correspondre, sauf si la loi en dispose autrement, aux tribunaux de D\u00e9nia.<\/p>\n<p><strong>10.- NOTIFICATIONS. <\/strong><\/p>\n<p>Afin d'effectuer les notifications appropri\u00e9es, <strong>PEPE LA SAL<\/strong> d\u00e9signe comme adresse de contact l'adresse sp\u00e9cifi\u00e9e dans l'avis juridique.<\/p>\n<p>L'adresse \u00e9lectronique fournie par le <strong>Utilisateur<\/strong> lors de la proc\u00e9dure d'enregistrement sur le site web, sera celui utilis\u00e9 par <strong>PEPE LA SAL<\/strong> aux fins de notification \u00e0 l'utilisateur.<\/p>\n<p>Le <strong>Utilisateur<\/strong> est tenu de conserver les donn\u00e9es vis\u00e9es dans la pr\u00e9sente clause d\u00fbment mises \u00e0 jour \u00e0 des fins de notification.<\/p>\n<p>Toutes les notifications que vous faites <strong>PEPE LA SAL<\/strong> \u00e0 <strong>Utilisateur<\/strong> sont r\u00e9put\u00e9s valablement effectu\u00e9s s'ils ont \u00e9t\u00e9 r\u00e9alis\u00e9s \u00e0 l'aide des donn\u00e9es et par les moyens indiqu\u00e9s ci-dessus. <strong>PEPE LA SAL<\/strong> n'est pas responsable des dommages qui pourraient r\u00e9sulter de la violation de la <strong>Utilisateur<\/strong> de son obligation de tenir \u00e0 jour ses coordonn\u00e9es.<\/p>\n<p><img loading=\"lazy\" decoding=\"async\" class=\"alignnone size-full wp-image-10587\" src=\"https:\/\/pepelasalonline.com\/wp-content\/uploads\/2020\/06\/pro_coden.png\" alt=\"\" width=\"155\" height=\"115\"><\/p>\n\t\t<\/div>\t\t\t\t<\/div>\n\t\t\t\t<\/div>\n\t\t\t\t\t<\/div>\n\t\t\t\t<\/div>\n\t\t\t\t<\/div>","protected":false},"excerpt":{"rendered":"<p>Condiciones generales de uso HTTPS:\/\/PEPELASALONLINE.COM&nbsp; 1.- OBJETO. Las presentes condiciones generales de uso (en adelante CGU), regulan el acceso y el uso del Website bajo el dominio https:\/\/pepelasalonline.com (en adelante Website), titularidad de \u201cPEPE LA SAL, S.L.\u201d (en adelante PEPE LA SAL), puesto a disposici\u00f3n de los usuarios (en adelante Usuario\/s). Ante cualquier duda o [&hellip;]<\/p>\n","protected":false},"author":1,"featured_media":0,"parent":0,"menu_order":0,"comment_status":"closed","ping_status":"closed","template":"","meta":{"footnotes":""},"class_list":["post-10586","page","type-page","status-publish","hentry"],"_links":{"self":[{"href":"https:\/\/pepelasalonline.com\/fr\/wp-json\/wp\/v2\/pages\/10586","targetHints":{"allow":["GET"]}}],"collection":[{"href":"https:\/\/pepelasalonline.com\/fr\/wp-json\/wp\/v2\/pages"}],"about":[{"href":"https:\/\/pepelasalonline.com\/fr\/wp-json\/wp\/v2\/types\/page"}],"author":[{"embeddable":true,"href":"https:\/\/pepelasalonline.com\/fr\/wp-json\/wp\/v2\/users\/1"}],"replies":[{"embeddable":true,"href":"https:\/\/pepelasalonline.com\/fr\/wp-json\/wp\/v2\/comments?post=10586"}],"version-history":[{"count":7,"href":"https:\/\/pepelasalonline.com\/fr\/wp-json\/wp\/v2\/pages\/10586\/revisions"}],"predecessor-version":[{"id":73370,"href":"https:\/\/pepelasalonline.com\/fr\/wp-json\/wp\/v2\/pages\/10586\/revisions\/73370"}],"wp:attachment":[{"href":"https:\/\/pepelasalonline.com\/fr\/wp-json\/wp\/v2\/media?parent=10586"}],"curies":[{"name":"wp","href":"https:\/\/api.w.org\/{rel}","templated":true}]}}