{"id":10297,"date":"2020-05-18T19:19:52","date_gmt":"2020-05-18T17:19:52","guid":{"rendered":"https:\/\/pepelasalonline.com\/?page_id=10297"},"modified":"2024-04-23T00:03:19","modified_gmt":"2024-04-22T22:03:19","slug":"politica-de-cookies","status":"publish","type":"page","link":"https:\/\/pepelasalonline.com\/fr\/politica-de-cookies\/","title":{"rendered":"Politique en mati\u00e8re de cookies"},"content":{"rendered":"<div data-elementor-type=\"wp-page\" data-elementor-id=\"10297\" class=\"elementor elementor-10297\" data-elementor-post-type=\"page\">\n\t\t\t\t<div class=\"elementor-element elementor-element-43e64bf3 e-flex e-con-boxed e-con e-parent\" data-id=\"43e64bf3\" data-element_type=\"container\">\n\t\t\t\t\t<div class=\"e-con-inner\">\n\t\t\t\t<div class=\"elementor-element elementor-element-d107a27 elementor-widget elementor-widget-heading\" data-id=\"d107a27\" data-element_type=\"widget\" data-widget_type=\"heading.default\">\n\t\t\t\t<div class=\"elementor-widget-container\">\n\t\t\t\t\t<h2 class=\"elementor-heading-title elementor-size-default\">Politique en mati\u00e8re de cookies<\/h2>\t\t\t\t<\/div>\n\t\t\t\t<\/div>\n\t\t\t\t<div class=\"elementor-element elementor-element-29a2550 elementor-widget elementor-widget-html\" data-id=\"29a2550\" data-element_type=\"widget\" data-widget_type=\"html.default\">\n\t\t\t\t<div class=\"elementor-widget-container\">\n\t\t\t\t\t<div class=\"entry-content\">\n\t<p><strong>INFORMATIONS SUR LES COOKIES :<\/strong><\/p>\n<p>Les cookies sont des fichiers qui peuvent \u00eatre t\u00e9l\u00e9charg\u00e9s sur votre ordinateur par les sites web. Ce sont des outils qui jouent un r\u00f4le essentiel dans la fourniture de nombreux services de la soci\u00e9t\u00e9 de l'information. Ils permettent notamment \u00e0 un site web de stocker et de r\u00e9cup\u00e9rer des informations sur les habitudes de navigation d'un utilisateur ou de son \u00e9quipement et, en fonction des informations obtenues, ils peuvent \u00eatre utilis\u00e9s pour reconna\u00eetre l'utilisateur et am\u00e9liorer le service offert.<\/p>\n<p><strong>LES COOKIES DE TIERS<\/strong><\/p>\n<p>Les cookies d'analyse ou de mesure sont ceux qui permettent au responsable de suivre et d'analyser le comportement des utilisateurs des sites web auxquels ils sont li\u00e9s, y compris la quantification de l'impact des publicit\u00e9s. Les informations collect\u00e9es par ce type de cookies sont utilis\u00e9es pour mesurer l'activit\u00e9 des sites web, de l'application ou de la plateforme, afin d'introduire des am\u00e9liorations bas\u00e9es sur l'analyse des donn\u00e9es d'utilisation des utilisateurs du service. La base juridique qui l\u00e9gitime le traitement est le consentement expr\u00e8s donn\u00e9 par l'utilisateur.<\/p>\n<p><strong>CLASSIFICATION DES COOKIES :<\/strong><\/p>\n<p>Selon l'entit\u00e9 qui g\u00e8re le domaine \u00e0 partir duquel les cookies sont envoy\u00e9s et qui traite les donn\u00e9es obtenues, on distingue deux types de cookies : les cookies de premi\u00e8re partie et les cookies de tierce partie. Il existe \u00e9galement une deuxi\u00e8me classification en fonction de la dur\u00e9e pendant laquelle ils restent stock\u00e9s dans le navigateur du client : il peut s'agir de cookies de session ou de cookies persistants. Enfin, une autre classification comprend cinq types de cookies en fonction de la finalit\u00e9 du traitement des donn\u00e9es obtenues : les cookies techniques, les cookies de personnalisation, les cookies d'analyse, les cookies publicitaires et les cookies de publicit\u00e9 comportementale.<\/p>\n<p><strong>LES COOKIES UTILIS\u00c9S SUR LE SITE :<\/strong><\/p>\n<p>Les cookies utilis\u00e9s dans ce portail sont identifi\u00e9s ci-dessous, ainsi que leur type et leur fonction : Un cookie technique appel\u00e9 PHPSESSID, n\u00e9cessaire \u00e0 la navigation correcte sur les pages web et \u00e0 l'utilisation de leurs fonctionnalit\u00e9s. Tout autre cookie strictement n\u00e9cessaire \u00e0 la navigation et \u00e0 l'utilisation des fonctionnalit\u00e9s du site web.<\/p>\n<p><strong>COMMENT MODIFIER VOS PARAM\u00c8TRES EN MATI\u00c8RE DE COOKIES :<\/strong><\/p>\n<p>Vous pouvez restreindre, bloquer ou supprimer les cookies de ce site ou de toute autre page web \u00e0 l'aide de votre navigateur. Chaque navigateur fonctionne diff\u00e9remment. La fonction d'aide vous indiquera comment proc\u00e9der.<\/p>\n<ul>\n<li><a href=\"http:\/\/windows.microsoft.com\/es-xl\/internet-explorer\/delete-manage-cookies#ie=ie-10\" target=\"_blank\" rel=\"noopener noreferrer\"><strong>Internet Explorer<\/strong><\/a><strong>&nbsp;*<\/strong><\/li>\n<li><a href=\"https:\/\/support.mozilla.org\/es\/kb\/Borrar%20cookies\" target=\"_blank\" rel=\"noopener noreferrer\"><strong>Firefox<\/strong><\/a><\/li>\n<li><a href=\"https:\/\/support.google.com\/chrome\/answer\/95647?hl=es\" target=\"_blank\" rel=\"noopener noreferrer\"><strong>Chrome<\/strong><\/a><\/li>\n<li><a href=\"https:\/\/www.youtube.com\/watch?v=gdfxTPW8eOo\" target=\"_blank\" rel=\"noopener noreferrer\"><strong>vid\u00e9o pour configurer le navigateur CHROME<\/strong><\/a><\/li>\n<li><strong><u>Safari :<\/u><\/strong> <strong><a href=\"http:\/\/www.apple.com\/es\/privacy\/use-of-cookies\/\" target=\"_blank\" rel=\"noopener noreferrer\">http:\/\/www.apple.com\/es\/privacy\/use-of-cookies\/<\/a><\/strong><\/li>\n<\/ul>\n<p><strong>*R\u00e9glage des cookies pour Internet Explorer en anglais.<\/strong><\/p>\n<ul>\n<li><strong>Pour supprimer les cookies<\/strong><\/li>\n<\/ul>\n<ol>\n<li>Dans Internet Explorer, s\u00e9lectionnez l'option&nbsp;<strong>Outils<\/strong>il souligne&nbsp;<strong>S\u00e9curit\u00e9<\/strong>et s\u00e9lectionnez&nbsp;<strong>Effacer les donn\u00e9es de navigation<\/strong>.<\/li>\n<li>S\u00e9lectionnez la petite bo\u00eete de&nbsp;<strong>Cookies et donn\u00e9es du site web<\/strong>et s\u00e9lectionnez&nbsp;<strong>Supprimer<\/strong>.<\/li>\n<\/ol>\n<ul>\n<li><strong>Pour supprimer les cookies dans Internet Explorer 8<\/strong><\/li>\n<\/ul>\n<ol>\n<li>Dans Internet Explorer, s\u00e9lectionnez l'option&nbsp;<strong>S\u00e9curit\u00e9<\/strong>puis s\u00e9lectionnez&nbsp;<strong>Effacer les donn\u00e9es de navigation<\/strong>.<\/li>\n<li>S\u00e9lectionnez la petite case \u00e0 c\u00f4t\u00e9 de&nbsp;<strong>Cookies.<\/strong><\/li>\n<li>S\u00e9lectionnez la petite bo\u00eete de&nbsp;<strong>Conserver les donn\u00e9es des sites web favoris&nbsp;<\/strong>si vous ne souhaitez pas supprimer les cookies associ\u00e9s aux sites Web figurant dans votre liste de sites Web.&nbsp;<strong>Favoris<\/strong>.<\/li>\n<\/ol>\n<p><strong>Bloquer ou autoriser les cookies<\/strong><\/p>\n<p>Si vous ne voulez pas que les sites stockent des cookies sur votre PC, vous pouvez les bloquer. Mais le blocage des cookies peut emp\u00eacher certaines pages de s'afficher correctement, ou vous pouvez recevoir un message du site vous informant que vous devez autoriser les cookies pour consulter ce site.<\/p>\n<ul>\n<li><strong>Pour bloquer ou autoriser les cookies dans Internet Explorer 11 pour Windows 10<\/strong><\/li>\n<\/ul>\n<ol>\n<li>&nbsp;Dans Internet Explorer, s\u00e9lectionnez l'option<strong>Outils<\/strong>&nbsp;puis s\u00e9lectionnez&nbsp;<strong>Options Internet<\/strong>.<\/li>\n<li>S\u00e9lectionnez l'option&nbsp;<strong>Vie priv\u00e9e<\/strong>et sous&nbsp;<strong>Configurations,&nbsp;<\/strong>s\u00e9lectionner&nbsp;<strong>Avanc\u00e9&nbsp;<\/strong>et choisissez d'autoriser, de bloquer ou d'\u00eatre averti de la pr\u00e9sence de cookies de premi\u00e8re et de tierce parties.<\/li>\n<\/ol>\n<ul>\n<li><strong>Pour bloquer ou autoriser les cookies<\/strong><\/li>\n<\/ul>\n<ol>\n<li>Dans Internet Explorer, s\u00e9lectionnez l'option&nbsp;<strong>Outils<\/strong>puis s\u00e9lectionnez&nbsp;<strong>Options Internet<\/strong>.<\/li>\n<\/ol>\n<p>S\u00e9lectionnez l'option&nbsp;<strong>Vie priv\u00e9e<\/strong>et sous&nbsp;<strong>Configurations<\/strong>pour bloquer tous les cookies, d\u00e9placez le curseur vers le haut pour bloquer tous les cookies (ou vers le bas pour autoriser tous les cookies), puis s\u00e9lectionnez&nbsp;<strong>OK<\/strong>.<\/p>\n\t\t<\/div>\t\t\t\t<\/div>\n\t\t\t\t<\/div>\n\t\t\t\t\t<\/div>\n\t\t\t\t<\/div>\n\t\t\t\t<\/div>","protected":false},"excerpt":{"rendered":"<p>Pol\u00edtica de Cookies INFORMACI\u00d3N DE COOKIES: Las cookies son archivos que se pueden descargar en su equipo a trav\u00e9s de las p\u00e1ginas web. Son herramientas que tienen un papel esencial para la prestaci\u00f3n de numerosos servicios de la sociedad de la informaci\u00f3n. Entre otros, permiten a una p\u00e1gina web almacenar y recuperar informaci\u00f3n sobre los [&hellip;]<\/p>\n","protected":false},"author":1,"featured_media":0,"parent":0,"menu_order":0,"comment_status":"closed","ping_status":"closed","template":"","meta":{"footnotes":""},"class_list":["post-10297","page","type-page","status-publish","hentry"],"_links":{"self":[{"href":"https:\/\/pepelasalonline.com\/fr\/wp-json\/wp\/v2\/pages\/10297","targetHints":{"allow":["GET"]}}],"collection":[{"href":"https:\/\/pepelasalonline.com\/fr\/wp-json\/wp\/v2\/pages"}],"about":[{"href":"https:\/\/pepelasalonline.com\/fr\/wp-json\/wp\/v2\/types\/page"}],"author":[{"embeddable":true,"href":"https:\/\/pepelasalonline.com\/fr\/wp-json\/wp\/v2\/users\/1"}],"replies":[{"embeddable":true,"href":"https:\/\/pepelasalonline.com\/fr\/wp-json\/wp\/v2\/comments?post=10297"}],"version-history":[{"count":5,"href":"https:\/\/pepelasalonline.com\/fr\/wp-json\/wp\/v2\/pages\/10297\/revisions"}],"predecessor-version":[{"id":73380,"href":"https:\/\/pepelasalonline.com\/fr\/wp-json\/wp\/v2\/pages\/10297\/revisions\/73380"}],"wp:attachment":[{"href":"https:\/\/pepelasalonline.com\/fr\/wp-json\/wp\/v2\/media?parent=10297"}],"curies":[{"name":"wp","href":"https:\/\/api.w.org\/{rel}","templated":true}]}}