{"id":10290,"date":"2020-05-18T11:30:20","date_gmt":"2020-05-18T09:30:20","guid":{"rendered":"https:\/\/pepelasalonline.com\/?page_id=10290"},"modified":"2024-04-23T00:00:10","modified_gmt":"2024-04-22T22:00:10","slug":"aviso-legal","status":"publish","type":"page","link":"https:\/\/pepelasalonline.com\/fr\/aviso-legal\/","title":{"rendered":"Avis juridique"},"content":{"rendered":"<div data-elementor-type=\"wp-page\" data-elementor-id=\"10290\" class=\"elementor elementor-10290\" data-elementor-post-type=\"page\">\n\t\t\t\t<div class=\"elementor-element elementor-element-6d40b137 e-flex e-con-boxed e-con e-parent\" data-id=\"6d40b137\" data-element_type=\"container\">\n\t\t\t\t\t<div class=\"e-con-inner\">\n\t\t\t\t<div class=\"elementor-element elementor-element-bdb47c3 elementor-widget elementor-widget-heading\" data-id=\"bdb47c3\" data-element_type=\"widget\" data-widget_type=\"heading.default\">\n\t\t\t\t<div class=\"elementor-widget-container\">\n\t\t\t\t\t<h2 class=\"elementor-heading-title elementor-size-default\">Avis juridique<\/h2>\t\t\t\t<\/div>\n\t\t\t\t<\/div>\n\t\t\t\t<div class=\"elementor-element elementor-element-4a9f48b elementor-widget elementor-widget-html\" data-id=\"4a9f48b\" data-element_type=\"widget\" data-widget_type=\"html.default\">\n\t\t\t\t<div class=\"elementor-widget-container\">\n\t\t\t\t\t<div class=\"entry-content\">\n\t\t\t<p>Conform\u00e9ment \u00e0 l'article 10 de la loi 34\/2002, du 11 juillet, sur les services de la soci\u00e9t\u00e9 de l'information et le commerce \u00e9lectronique, nous vous informons que le responsable de ce site web est :<\/p>\n<p style=\"padding: 25px; background: gainsboro;\"><strong>IDENTIT\u00c9 :<\/strong> PEPE LA SAL, S.L.<br>\n<strong>C.I.F \/ N.I.F. :<\/strong> B-03117785<br>\n<strong>ADRESSE :<\/strong> Ctra. Moraira-Calp, km. 3, 03720 Benissa (Alicante), Espagne<br>\n<strong>T\u00c9L\u00c9PHONE :<\/strong> 965 747 225<br>\n<strong>E-MAIL :<\/strong> administracion@pepelasal.com<br>\n<strong>LES DONN\u00c9ES D'ENREGISTREMENT :<\/strong> Registre du commerce de la province d'Alicante, tome 1630, folio 122, section 8\u00aa, page A-22990, I\/A 1.<\/p>\n\t\t<\/div>\t\t\t\t<\/div>\n\t\t\t\t<\/div>\n\t\t\t\t\t<\/div>\n\t\t\t\t<\/div>\n\t\t\t\t<\/div>","protected":false},"excerpt":{"rendered":"<p>Aviso Legal En cumplimiento del art. 10 de Ley 34\/2002, de 11 de julio, de servicios de la sociedad de la informaci\u00f3n y de comercio electr\u00f3nico, le informamos que el responsable de este sitio web es: IDENTIDAD: PEPE LA SAL, S.L. C.I.F \/ N.I.F.: B-03117785 DOMICILIO: Ctra. Moraira-Calp, km. 3, 03720 Benissa (Alicante), Espa\u00f1a TEL\u00c9FONO: [&hellip;]<\/p>\n","protected":false},"author":1,"featured_media":0,"parent":0,"menu_order":0,"comment_status":"closed","ping_status":"closed","template":"","meta":{"footnotes":""},"class_list":["post-10290","page","type-page","status-publish","hentry"],"_links":{"self":[{"href":"https:\/\/pepelasalonline.com\/fr\/wp-json\/wp\/v2\/pages\/10290","targetHints":{"allow":["GET"]}}],"collection":[{"href":"https:\/\/pepelasalonline.com\/fr\/wp-json\/wp\/v2\/pages"}],"about":[{"href":"https:\/\/pepelasalonline.com\/fr\/wp-json\/wp\/v2\/types\/page"}],"author":[{"embeddable":true,"href":"https:\/\/pepelasalonline.com\/fr\/wp-json\/wp\/v2\/users\/1"}],"replies":[{"embeddable":true,"href":"https:\/\/pepelasalonline.com\/fr\/wp-json\/wp\/v2\/comments?post=10290"}],"version-history":[{"count":10,"href":"https:\/\/pepelasalonline.com\/fr\/wp-json\/wp\/v2\/pages\/10290\/revisions"}],"predecessor-version":[{"id":73377,"href":"https:\/\/pepelasalonline.com\/fr\/wp-json\/wp\/v2\/pages\/10290\/revisions\/73377"}],"wp:attachment":[{"href":"https:\/\/pepelasalonline.com\/fr\/wp-json\/wp\/v2\/media?parent=10290"}],"curies":[{"name":"wp","href":"https:\/\/api.w.org\/{rel}","templated":true}]}}