{"id":12111,"date":"2020-07-14T20:04:42","date_gmt":"2020-07-14T20:04:42","guid":{"rendered":""},"modified":"2026-04-21T17:30:12","modified_gmt":"2026-04-21T17:30:12","slug":"PPLSL-68077","status":"publish","type":"product","link":"https:\/\/pepelasalonline.com\/en\/product\/PPLSL-68077\/","title":{"rendered":"BLACKBERRY KROKETTEN RUNDVLEES 280GR"},"content":{"rendered":"<p>Water, beef 14% ,wheat flour, breadcrumbs(whole wheat flour, salt, yeast),vegetable oils(palm, turnip, sunflower), chicken egg protein, natural flavouring (celery), salt, beef gelatine, onion, garlic, wheat protein, wheat gluten, wheat flour, colouring agent: E150d), wheat starch, bovine collagen, wheat gluten, dextrose, spices, thickener: guar gum flour, spices, emulsifier: lecithin, E450 and E452.<\/p>","protected":false},"excerpt":{"rendered":"<p>Agua, carne bovina 14% ,harina de trigo, pan rallado(harina de trigo integral, sal, levadura),aceites vegetales(palma, nabo, girasol), prote\u00edna de huevo de pollo, aroma natural (apio), sal, gelatina carne bovina,cebolla, ajo, prote\u00edna de trigo, gluten de trigo, harina de trigo, colorante: E150d), almid\u00f3n de trigo, col\u00e1geno bovino, gluten de trigo, dextrosa, especias, espesante: harina de goma [&hellip;]<\/p>\n","protected":false},"featured_media":108848,"template":"","meta":[],"product_cat":[1301],"product_tag":[],"class_list":{"0":"post-12111","1":"product","2":"type-product","3":"status-publish","4":"has-post-thumbnail","6":"product_cat-PPLSL-2071-section-42-familia-4-subfamilia-3","8":"first","9":"instock","10":"shipping-taxable","11":"purchasable","12":"product-type-simple"},"_links":{"self":[{"href":"https:\/\/pepelasalonline.com\/en\/wp-json\/wp\/v2\/product\/12111","targetHints":{"allow":["GET"]}}],"collection":[{"href":"https:\/\/pepelasalonline.com\/en\/wp-json\/wp\/v2\/product"}],"about":[{"href":"https:\/\/pepelasalonline.com\/en\/wp-json\/wp\/v2\/types\/product"}],"wp:featuredmedia":[{"embeddable":true,"href":"https:\/\/pepelasalonline.com\/en\/wp-json\/wp\/v2\/media\/108848"}],"wp:attachment":[{"href":"https:\/\/pepelasalonline.com\/en\/wp-json\/wp\/v2\/media?parent=12111"}],"wp:term":[{"taxonomy":"product_cat","embeddable":true,"href":"https:\/\/pepelasalonline.com\/en\/wp-json\/wp\/v2\/product_cat?post=12111"},{"taxonomy":"product_tag","embeddable":true,"href":"https:\/\/pepelasalonline.com\/en\/wp-json\/wp\/v2\/product_tag?post=12111"}],"curies":[{"name":"wp","href":"https:\/\/api.w.org\/{rel}","templated":true}]}}