{"id":11378,"date":"2020-07-14T20:02:54","date_gmt":"2020-07-14T20:02:54","guid":{"rendered":""},"modified":"2026-03-24T10:40:34","modified_gmt":"2026-03-24T10:40:34","slug":"PPLSL-9690","status":"publish","type":"product","link":"https:\/\/pepelasalonline.com\/en\/product\/PPLSL-9690\/","title":{"rendered":"JT. LINSENEINTOPF 800GR"},"content":{"rendered":"<p>Water, 15% of lentils, 6, 2% of pork belly (pork, iodised salt, dextrose, glucose syrup, spice extract, smoke), 4% of<br \/>\npotato, 3, 4% carrot, tomato paste, onion puree, modified maize starch, mustard (water, mustard seeds, the<br \/>\nvinegar with herbal extracts (sugar beet molasses, water, natural flavour, caramel), salt, vegetable oil, wheat flour,<br \/>\nnatural flavour, herbs (including celery), leeks, thickening agent: gum.<\/p>","protected":false},"excerpt":{"rendered":"<p>Agua, 15% de lentejas, 6, 2% vientre de cerdo (cerdo, sal yodada, dextrosa, jarabe de glucosa, extracto de especias, humo), 4% de patata, 3, 4% de zanahoria, pasta de tomate, pur\u00e9 de cebolla, de almid\u00f3n de ma\u00edz modificado, mostaza (agua, semillas de mostaza, el vinagre con extractos de hierbas (melaza de remolacha de az\u00facar, agua, [&hellip;]<\/p>\n","protected":false},"featured_media":78560,"template":"","meta":[],"product_cat":[1103],"product_tag":[],"class_list":{"0":"post-11378","1":"product","2":"type-product","3":"status-publish","4":"has-post-thumbnail","6":"product_cat-PPLSL-2612-section-40-familia-9-subfamilia-7","8":"first","9":"instock","10":"shipping-taxable","11":"purchasable","12":"product-type-simple"},"_links":{"self":[{"href":"https:\/\/pepelasalonline.com\/en\/wp-json\/wp\/v2\/product\/11378","targetHints":{"allow":["GET"]}}],"collection":[{"href":"https:\/\/pepelasalonline.com\/en\/wp-json\/wp\/v2\/product"}],"about":[{"href":"https:\/\/pepelasalonline.com\/en\/wp-json\/wp\/v2\/types\/product"}],"wp:featuredmedia":[{"embeddable":true,"href":"https:\/\/pepelasalonline.com\/en\/wp-json\/wp\/v2\/media\/78560"}],"wp:attachment":[{"href":"https:\/\/pepelasalonline.com\/en\/wp-json\/wp\/v2\/media?parent=11378"}],"wp:term":[{"taxonomy":"product_cat","embeddable":true,"href":"https:\/\/pepelasalonline.com\/en\/wp-json\/wp\/v2\/product_cat?post=11378"},{"taxonomy":"product_tag","embeddable":true,"href":"https:\/\/pepelasalonline.com\/en\/wp-json\/wp\/v2\/product_tag?post=11378"}],"curies":[{"name":"wp","href":"https:\/\/api.w.org\/{rel}","templated":true}]}}