{"id":2494,"date":"2016-03-09T05:41:44","date_gmt":"2016-03-09T05:41:44","guid":{"rendered":"https:\/\/demo2.chethemes.com\/electro\/?page_id=2494"},"modified":"2020-05-22T19:14:57","modified_gmt":"2020-05-22T17:14:57","slug":"historia-de-la-empresa","status":"publish","type":"page","link":"https:\/\/pepelasalonline.com\/en\/historia-de-la-empresa\/","title":{"rendered":"Historia de la empresa"},"content":{"rendered":"<div  class=\"section-element\"><div class=\"row\"><div class=\"large-12 nasa-col columns\"><div  class=\"wpb_text_column wpb_content_element\"><p>The company Pepe la Sal was founded in 1935 as a grocery store in the town of Moraira. Its founder was Jos\u00e9 Font Ortol\u00e1, also known as Pepe la Sal and nicknamed Pepe la Sal because he used to sell salt in the village.<\/p>\n<p>After a few years, his two sons, Vicente and Jos\u00e9 Font Vives, married the sisters Joaquina and Juanita Vall\u00e9s Garc\u00eda. Between them, they took over the grocery store in Moraira and opened a small grocery shop of 80 m2.<sup>2<\/sup> in 1967, in which basic food products were sold.<\/p>\n<p>Later, in 1968, they acquired some land in the so-called Urbanizaci\u00f3n San Jaime, adjacent to the Moraira-Calpe road (KM 3), and opened a feeding area of about 250 m.<sup>2<\/sup>.<\/p>\n<p>Over the years, it has been transformed to become, in 2003, the current PEPE LA SAL SHOPPING CENTRE. At the moment, it has a commercial area of 2,500 m2.<sup>2<\/sup>The new stores are distributed between the supermarket and a shopping arcade that houses different shops. Its intention is to provide a better service to its customers, most of whom are foreigners.<\/p>\n<p>In 1983, the company acquired a supermarket in the so-called CENTRO COMERCIAL EUROPEO, located on the Moraira-Teulada road (KM 1.5), which was closed in 2006 due to the opening of the supermarket located in the BARCLAYS COMMERCIAL CENTRE, very close to the previous one.<\/p>\n<p>In the year 2000, a supermarket was opened in the centre of Moraira, with an area of about 300 sqm.<sup>2<\/sup>in Calle Las Vi\u00f1as, with a more basic assortment for the national customer.<\/p>\n<p>Along with the opening of the supermarket in the Barclays Shopping Centre in 2006, a supermarket was also opened in the Cumbre del Sol residential development in Benitachell, with a surface area of 700 m2.<sup>2<\/sup>.<\/p>\n<p>Since 2004, the company has been run by Joaquina and Vicente's children, as well as by Juanita and Jos\u00e9's children.<\/p>\n<\/div><\/div><\/div><\/div>","protected":false},"excerpt":{"rendered":"","protected":false},"author":1,"featured_media":0,"parent":0,"menu_order":0,"comment_status":"closed","ping_status":"closed","template":"","meta":{"footnotes":""},"class_list":["post-2494","page","type-page","status-publish","hentry"],"_links":{"self":[{"href":"https:\/\/pepelasalonline.com\/en\/wp-json\/wp\/v2\/pages\/2494","targetHints":{"allow":["GET"]}}],"collection":[{"href":"https:\/\/pepelasalonline.com\/en\/wp-json\/wp\/v2\/pages"}],"about":[{"href":"https:\/\/pepelasalonline.com\/en\/wp-json\/wp\/v2\/types\/page"}],"author":[{"embeddable":true,"href":"https:\/\/pepelasalonline.com\/en\/wp-json\/wp\/v2\/users\/1"}],"replies":[{"embeddable":true,"href":"https:\/\/pepelasalonline.com\/en\/wp-json\/wp\/v2\/comments?post=2494"}],"version-history":[{"count":4,"href":"https:\/\/pepelasalonline.com\/en\/wp-json\/wp\/v2\/pages\/2494\/revisions"}],"predecessor-version":[{"id":10383,"href":"https:\/\/pepelasalonline.com\/en\/wp-json\/wp\/v2\/pages\/2494\/revisions\/10383"}],"wp:attachment":[{"href":"https:\/\/pepelasalonline.com\/en\/wp-json\/wp\/v2\/media?parent=2494"}],"curies":[{"name":"wp","href":"https:\/\/api.w.org\/{rel}","templated":true}]}}