{"id":2,"date":"2019-03-12T17:29:27","date_gmt":"2019-03-12T16:29:27","guid":{"rendered":"https:\/\/pepelasalonline.com\/?page_id=2"},"modified":"2020-11-05T14:06:00","modified_gmt":"2020-11-05T13:06:00","slug":"servicios","status":"publish","type":"page","link":"https:\/\/pepelasalonline.com\/en\/servicios\/","title":{"rendered":"Servicios"},"content":{"rendered":"<h3>CUSTOMER CARD<\/h3>\n<p>With the \"Cliente Pepe la Sal\" card you will notice the difference getting a 0,5% discount on every purchase.<\/p>\n<p>Pepe la Sal donates 0.2% to the association of your choice.<\/p>\n<p>In addition, Pepe la Sal generates monthly special promotions for the cardholder.<\/p>\n<h3>CUSTOMER SERVICE<\/h3>\n<p>At Pepe la Sal we want to listen to you in order to improve. Send us your doubts, comments or any suggestions.<\/p>\n<p>Contact us through the website by filling out the form or by calling +34 965 747 225<\/p>\n<h3>HOME DELIVERY<\/h3>\n<p>Home delivery is from Monday to Saturday, except on public holidays.<br \/>\nAll orders placed before 09:00 are delivered during the same day until 18:00.<br \/>\nAll orders placed after 09:00 are delivered the following day.<br \/>\nThe fare is \u20ac3, with a radius of 5 km.<br \/>\n5 \u20ac, with a radius of 5 to 10 km<br \/>\n7 \u20ac, with a radius of 10 to 22 km<br \/>\nFor a radius of more than 22 km, please call +34 96 574 72 25 for rates.<br \/>\nMinimum purchase of 50 \u20ac.<br \/>\nFor purchases over 120 \u20ac, within a radius of 22 km, delivery of the purchase is free of charge.<\/p>\n<h3>PAYMENT METHODS<\/h3>\n<ul>\n<li>Bank card: Visa, Visa Electron, 4B, MasterCard<\/li>\n<\/ul>\n<h3>SPECIAL PACKAGING<\/h3>\n<p>Reusable and biodegradable bags are available in all our sections.<\/p>\n<h3>GIFT CARD<\/h3>\n<p>\"Pepe la Sal Gift Card\" is the perfect gift. The gift recipient can buy whatever they want in any of our supermarkets.<\/p>\n<p>You can purchase it easily and conveniently at the information desk and decide how much you want to give as a gift. A great choice for both individuals and companies who want to give gifts to their employees, suppliers or customers.<\/p>\n<h3>PARTNERSHIPS<\/h3>\n<p>Pepe la Sal, with the collaboration of its customers, has been helping and supporting many local associations for a long time: Caritas, Lions Club, Red Cross Teulada, Alzheimer's Association and the Animal Protection Society, among others.<\/p>","protected":false},"excerpt":{"rendered":"<p>TARJETA CLIENTE Con la tarjeta \u201cCliente Pepe la Sal\u201d notar\u00e1 la diferencia consiguiendo un 0,5% de descuento en cada compra. Pepe la Sal dona un 0,2% a la asociaci\u00f3n que usted elija. Adem\u00e1s, Pepe la Sal genera mensualmente promociones especiales para el titular de la tarjeta. SERVICIO DE ATENCI\u00d3N AL CLIENTE En Pepe la Sal [&hellip;]<\/p>\n","protected":false},"author":1,"featured_media":0,"parent":0,"menu_order":0,"comment_status":"closed","ping_status":"open","template":"","meta":{"footnotes":""},"class_list":["post-2","page","type-page","status-publish","hentry"],"_links":{"self":[{"href":"https:\/\/pepelasalonline.com\/en\/wp-json\/wp\/v2\/pages\/2","targetHints":{"allow":["GET"]}}],"collection":[{"href":"https:\/\/pepelasalonline.com\/en\/wp-json\/wp\/v2\/pages"}],"about":[{"href":"https:\/\/pepelasalonline.com\/en\/wp-json\/wp\/v2\/types\/page"}],"author":[{"embeddable":true,"href":"https:\/\/pepelasalonline.com\/en\/wp-json\/wp\/v2\/users\/1"}],"replies":[{"embeddable":true,"href":"https:\/\/pepelasalonline.com\/en\/wp-json\/wp\/v2\/comments?post=2"}],"version-history":[{"count":6,"href":"https:\/\/pepelasalonline.com\/en\/wp-json\/wp\/v2\/pages\/2\/revisions"}],"predecessor-version":[{"id":31645,"href":"https:\/\/pepelasalonline.com\/en\/wp-json\/wp\/v2\/pages\/2\/revisions\/31645"}],"wp:attachment":[{"href":"https:\/\/pepelasalonline.com\/en\/wp-json\/wp\/v2\/media?parent=2"}],"curies":[{"name":"wp","href":"https:\/\/api.w.org\/{rel}","templated":true}]}}