{"id":31276,"date":"2020-10-20T13:00:05","date_gmt":"2020-10-20T13:00:05","guid":{"rendered":""},"modified":"2026-03-24T10:43:37","modified_gmt":"2026-03-24T10:43:37","slug":"PPLSL-27347","status":"publish","type":"product","link":"https:\/\/pepelasalonline.com\/de\/product\/PPLSL-27347\/","title":{"rendered":"WEISSER PREMIUM-WERMUT PALO SYRUP 75CL"},"content":{"rendered":"<p>Wein, der mit sorgf\u00e4ltig ausgew\u00e4hlten Kr\u00e4utern nach einem alten, aus dem Mittelalter \u00fcberlieferten Rezept mazeriert wird, und<br \/>\nDieser Wermut zeigt R\u00f6staromen und -geschmack mit einem Hauch von Toast und einem Hauch von Gew\u00fcrzen.<br \/>\nVanille-Aromen, die von den mit amerikanischer Eiche gef\u00fcllten Korken stammen und ein perfektes Gleichgewicht mit einem Hintergrund von<br \/>\nTrauben und Sultaninen aus dem ber\u00fchmtesten Muskateller-Weinbaugebiet der Welt. Teulada \/ Alicante \/ SPANIEN 75 cl 15%<\/p>","protected":false},"excerpt":{"rendered":"<ul>\n<li>IN AMERIKANISCHER EICHE EINGELEGT<\/li>\n<\/ul>","protected":false},"featured_media":80210,"template":"","meta":[],"product_cat":[1741,1430,1700],"product_tag":[],"class_list":{"0":"post-31276","1":"product","2":"type-product","3":"status-publish","4":"has-post-thumbnail","6":"product_cat-PPLSL-2757-section-54-familia-1-subfamilia-1","7":"product_cat-PPLSL-2482-section-44-familia-15-subfamilia-2","8":"product_cat-articulos_regionales","10":"first","11":"instock","12":"shipping-taxable","13":"purchasable","14":"product-type-simple"},"_links":{"self":[{"href":"https:\/\/pepelasalonline.com\/de\/wp-json\/wp\/v2\/product\/31276","targetHints":{"allow":["GET"]}}],"collection":[{"href":"https:\/\/pepelasalonline.com\/de\/wp-json\/wp\/v2\/product"}],"about":[{"href":"https:\/\/pepelasalonline.com\/de\/wp-json\/wp\/v2\/types\/product"}],"wp:featuredmedia":[{"embeddable":true,"href":"https:\/\/pepelasalonline.com\/de\/wp-json\/wp\/v2\/media\/80210"}],"wp:attachment":[{"href":"https:\/\/pepelasalonline.com\/de\/wp-json\/wp\/v2\/media?parent=31276"}],"wp:term":[{"taxonomy":"product_cat","embeddable":true,"href":"https:\/\/pepelasalonline.com\/de\/wp-json\/wp\/v2\/product_cat?post=31276"},{"taxonomy":"product_tag","embeddable":true,"href":"https:\/\/pepelasalonline.com\/de\/wp-json\/wp\/v2\/product_tag?post=31276"}],"curies":[{"name":"wp","href":"https:\/\/api.w.org\/{rel}","templated":true}]}}