{"id":18888,"date":"2020-08-12T11:00:07","date_gmt":"2020-08-12T11:00:07","guid":{"rendered":""},"modified":"2026-03-24T10:41:50","modified_gmt":"2026-03-24T10:41:50","slug":"PPLSL-90504","status":"publish","type":"product","link":"https:\/\/pepelasalonline.com\/de\/product\/PPLSL-90504\/","title":{"rendered":"OKELAN-RINDERENTREC\u00d4TE"},"content":{"rendered":"<p>Rindfleisch Entrec\u00f4te mit gro\u00dfer Infiltration ideal f\u00fcr Ihre Grillabende mit einer Reifung von 60 Tagen von K\u00fchen von mehr als 7 Jahren alt. Wir empfehlen, das Fleisch vor dem Kochen bei einer Temperatur von 28o zu temperieren.<\/p>","protected":false},"excerpt":{"rendered":"<ul>\n<li>Gewicht ca. 300gr pro St\u00fcck<\/li>\n<li>D.O. Baskenland<\/li>\n<\/ul>","protected":false},"featured_media":109794,"template":"","meta":[],"product_cat":[1744,1661],"product_tag":[],"class_list":{"0":"post-18888","1":"product","2":"type-product","3":"status-publish","4":"has-post-thumbnail","6":"product_cat-PPLSL-2862-section-58-familia-1-subfamilia-1","7":"product_cat-PPLSL-2783-section-1-familia-9-subfamilia-1","9":"first","10":"instock","11":"shipping-taxable","12":"purchasable","13":"product-type-simple"},"_links":{"self":[{"href":"https:\/\/pepelasalonline.com\/de\/wp-json\/wp\/v2\/product\/18888","targetHints":{"allow":["GET"]}}],"collection":[{"href":"https:\/\/pepelasalonline.com\/de\/wp-json\/wp\/v2\/product"}],"about":[{"href":"https:\/\/pepelasalonline.com\/de\/wp-json\/wp\/v2\/types\/product"}],"wp:featuredmedia":[{"embeddable":true,"href":"https:\/\/pepelasalonline.com\/de\/wp-json\/wp\/v2\/media\/109794"}],"wp:attachment":[{"href":"https:\/\/pepelasalonline.com\/de\/wp-json\/wp\/v2\/media?parent=18888"}],"wp:term":[{"taxonomy":"product_cat","embeddable":true,"href":"https:\/\/pepelasalonline.com\/de\/wp-json\/wp\/v2\/product_cat?post=18888"},{"taxonomy":"product_tag","embeddable":true,"href":"https:\/\/pepelasalonline.com\/de\/wp-json\/wp\/v2\/product_tag?post=18888"}],"curies":[{"name":"wp","href":"https:\/\/api.w.org\/{rel}","templated":true}]}}