{"id":13758,"date":"2020-07-14T20:07:01","date_gmt":"2020-07-14T20:07:01","guid":{"rendered":""},"modified":"2026-03-24T10:42:56","modified_gmt":"2026-03-24T10:42:56","slug":"pplsl-2978","status":"publish","type":"product","link":"https:\/\/pepelasalonline.com\/de\/product\/pplsl-2978\/","title":{"rendered":"GWOON ROOMBOTER GEVULDE KOEKEN MINI 270GR"},"content":{"rendered":"<p>Bl\u00e4tterteigf\u00fcllung, Raps-, Palm- und Kokos\u00f6l, Dextrose, Stabilisator: Sorbit, Verdickungsmittel: Guarkernmehl \/ Pektin, Aprikosen, Glukosesirup, Salz, Weizenmehl, Zucker, Butter, Mandeln, Glukosesirup, Sojamehl, Zitronenschalen, Emulgator: E482.<\/p>","protected":false},"excerpt":{"rendered":"<p>Bl\u00e4tterteigf\u00fcllung, Raps-, Palm- und Kokos\u00f6l, Dextrose, Stabilisator: Sorbit, Verdickungsmittel: Guarkernmehl \/ Pektin, Aprikosen, Glukosesirup, Salz, Weizenmehl, Zucker, Butter, Mandeln, Glukosesirup, Sojamehl, Zitronenschalen, Emulgator: E482.<\/p>","protected":false},"featured_media":111899,"template":"","meta":[],"product_cat":[1209],"product_tag":[],"class_list":{"0":"post-13758","1":"product","2":"type-product","3":"status-publish","4":"has-post-thumbnail","6":"product_cat-PPLSL-1989-section-40-familia-22-subfamilia-16","8":"first","9":"instock","10":"shipping-taxable","11":"purchasable","12":"product-type-simple"},"_links":{"self":[{"href":"https:\/\/pepelasalonline.com\/de\/wp-json\/wp\/v2\/product\/13758","targetHints":{"allow":["GET"]}}],"collection":[{"href":"https:\/\/pepelasalonline.com\/de\/wp-json\/wp\/v2\/product"}],"about":[{"href":"https:\/\/pepelasalonline.com\/de\/wp-json\/wp\/v2\/types\/product"}],"wp:featuredmedia":[{"embeddable":true,"href":"https:\/\/pepelasalonline.com\/de\/wp-json\/wp\/v2\/media\/111899"}],"wp:attachment":[{"href":"https:\/\/pepelasalonline.com\/de\/wp-json\/wp\/v2\/media?parent=13758"}],"wp:term":[{"taxonomy":"product_cat","embeddable":true,"href":"https:\/\/pepelasalonline.com\/de\/wp-json\/wp\/v2\/product_cat?post=13758"},{"taxonomy":"product_tag","embeddable":true,"href":"https:\/\/pepelasalonline.com\/de\/wp-json\/wp\/v2\/product_tag?post=13758"}],"curies":[{"name":"wp","href":"https:\/\/api.w.org\/{rel}","templated":true}]}}