{"id":13704,"date":"2020-07-14T20:06:58","date_gmt":"2020-07-14T20:06:58","guid":{"rendered":""},"modified":"2026-03-24T10:42:55","modified_gmt":"2026-03-24T10:42:55","slug":"PPLSL-3636","status":"publish","type":"product","link":"https:\/\/pepelasalonline.com\/de\/product\/PPLSL-3636\/","title":{"rendered":"GWOON-CHIPS PAPRIKA 250GR"},"content":{"rendered":"<p>Kartoffeln, Sonnenblumen\u00f6l, Paprika, Salz, Dextrose, Kaliumchlorid, Buttermilchpulver, Glukosesirup, Tomatenpulver, Gew\u00fcrze, Zitronens\u00e4ure.<\/p>","protected":false},"excerpt":{"rendered":"<p>Kartoffeln, Sonnenblumen\u00f6l, Paprika, Salz, Dextrose, Kaliumchlorid, Buttermilchpulver, Glukosesirup, Tomatenpulver, Gew\u00fcrze, Zitronens\u00e4ure.<\/p>","protected":false},"featured_media":111502,"template":"","meta":[],"product_cat":[1167],"product_tag":[],"class_list":{"0":"post-13704","1":"product","2":"type-product","3":"status-publish","4":"has-post-thumbnail","6":"product_cat-PPLSL-1956-section-40-familia-19-subfamilia-2","8":"first","9":"instock","10":"shipping-taxable","11":"purchasable","12":"product-type-simple"},"_links":{"self":[{"href":"https:\/\/pepelasalonline.com\/de\/wp-json\/wp\/v2\/product\/13704","targetHints":{"allow":["GET"]}}],"collection":[{"href":"https:\/\/pepelasalonline.com\/de\/wp-json\/wp\/v2\/product"}],"about":[{"href":"https:\/\/pepelasalonline.com\/de\/wp-json\/wp\/v2\/types\/product"}],"wp:featuredmedia":[{"embeddable":true,"href":"https:\/\/pepelasalonline.com\/de\/wp-json\/wp\/v2\/media\/111502"}],"wp:attachment":[{"href":"https:\/\/pepelasalonline.com\/de\/wp-json\/wp\/v2\/media?parent=13704"}],"wp:term":[{"taxonomy":"product_cat","embeddable":true,"href":"https:\/\/pepelasalonline.com\/de\/wp-json\/wp\/v2\/product_cat?post=13704"},{"taxonomy":"product_tag","embeddable":true,"href":"https:\/\/pepelasalonline.com\/de\/wp-json\/wp\/v2\/product_tag?post=13704"}],"curies":[{"name":"wp","href":"https:\/\/api.w.org\/{rel}","templated":true}]}}