{"id":13613,"date":"2020-07-14T20:06:44","date_gmt":"2020-07-14T20:06:44","guid":{"rendered":""},"modified":"2026-03-24T10:42:45","modified_gmt":"2026-03-24T10:42:45","slug":"PPLSL-488168","status":"publish","type":"product","link":"https:\/\/pepelasalonline.com\/de\/product\/PPLSL-488168\/","title":{"rendered":"BRANSTON GURKE ORIGINAL 360GR"},"content":{"rendered":"<p>Gem\u00fcse in unterschiedlichen Anteilen (52%) (Karotten, Kohlr\u00fcben, Zwiebeln, Blumenkohl), Zucker, Gerstenmalzessig, Wasser, Branntweinessig, Tomatenp\u00fcree, Dattelpaste (Datteln, Reismehl), Salz, Apfelmark, modifizierte Maisst\u00e4rke, Farbstoff (Sulfitkaramell und Ammoniak), Zwiebelpulver, Zitronensaftkonzentrat, Gew\u00fcrze, Lebensmittelfarbstoff (ger\u00f6steter Gerstenmalzextrakt), Kr\u00e4uterextrakte und Gew\u00fcrze<\/p>","protected":false},"excerpt":{"rendered":"<p>Verduras en proporciones variables (52%) (zanahoria, colinabo, cebolla, coliflor), az\u00facar,\u00a0vinagre de malta de\u00a0cebada\u00a0, agua, vinagre de esp\u00edritu, pur\u00e9 de tomate, pasta de d\u00e1tiles (fechas, harina de arroz), sal, pulpa de manzana, almid\u00f3n de ma\u00edz modificado, Color (\u00a0caramelo de\u00a0sulfito y\u00a0amon\u00edaco), cebolla en polvo, jugo concentrado de lim\u00f3n, especias, colorante alimenticio (\u00a0extracto de malta de\u00a0cebada\u00a0tostada\u00a0), extractos de [&hellip;]<\/p>\n","protected":false},"featured_media":110906,"template":"","meta":[],"product_cat":[1089],"product_tag":[],"class_list":{"0":"post-13613","1":"product","2":"type-product","3":"status-publish","4":"has-post-thumbnail","6":"product_cat-PPLSL-2561-section-40-familia-7-subfamilia-11","8":"first","9":"instock","10":"shipping-taxable","11":"purchasable","12":"product-type-simple"},"_links":{"self":[{"href":"https:\/\/pepelasalonline.com\/de\/wp-json\/wp\/v2\/product\/13613","targetHints":{"allow":["GET"]}}],"collection":[{"href":"https:\/\/pepelasalonline.com\/de\/wp-json\/wp\/v2\/product"}],"about":[{"href":"https:\/\/pepelasalonline.com\/de\/wp-json\/wp\/v2\/types\/product"}],"wp:featuredmedia":[{"embeddable":true,"href":"https:\/\/pepelasalonline.com\/de\/wp-json\/wp\/v2\/media\/110906"}],"wp:attachment":[{"href":"https:\/\/pepelasalonline.com\/de\/wp-json\/wp\/v2\/media?parent=13613"}],"wp:term":[{"taxonomy":"product_cat","embeddable":true,"href":"https:\/\/pepelasalonline.com\/de\/wp-json\/wp\/v2\/product_cat?post=13613"},{"taxonomy":"product_tag","embeddable":true,"href":"https:\/\/pepelasalonline.com\/de\/wp-json\/wp\/v2\/product_tag?post=13613"}],"curies":[{"name":"wp","href":"https:\/\/api.w.org\/{rel}","templated":true}]}}