{"id":13543,"date":"2020-07-14T20:06:29","date_gmt":"2020-07-14T20:06:29","guid":{"rendered":""},"modified":"2026-03-24T10:42:38","modified_gmt":"2026-03-24T10:42:38","slug":"PPLSL-136431","status":"publish","type":"product","link":"https:\/\/pepelasalonline.com\/de\/product\/PPLSL-136431\/","title":{"rendered":"PE\u00d1ASCAL ROS\u00c9 SEMI 75CL"},"content":{"rendered":"<p>Er ist ein Joker f\u00fcr Meeresfr\u00fcchte und lokale Produkte. Ein leicht sprudelnder junger Wein mit attraktiven rosa T\u00f6nen, der ausgewogen und erfrischend ist und eine jugendliche und dynamische Note hat.<\/p>","protected":false},"excerpt":{"rendered":"<p>Er ist ein Joker f\u00fcr Meeresfr\u00fcchte und lokale Produkte. Ein leicht sprudelnder junger Wein mit attraktiven rosa T\u00f6nen, der ausgewogen und erfrischend ist und eine jugendliche und dynamische Note hat.<\/p>","protected":false},"featured_media":110754,"template":"","meta":[],"product_cat":[1392],"product_tag":[],"class_list":{"0":"post-13543","1":"product","2":"type-product","3":"status-publish","4":"has-post-thumbnail","6":"product_cat-PPLSL-2158-section-44-familia-10-subfamilia-1","8":"first","9":"instock","10":"shipping-taxable","11":"purchasable","12":"product-type-simple"},"_links":{"self":[{"href":"https:\/\/pepelasalonline.com\/de\/wp-json\/wp\/v2\/product\/13543","targetHints":{"allow":["GET"]}}],"collection":[{"href":"https:\/\/pepelasalonline.com\/de\/wp-json\/wp\/v2\/product"}],"about":[{"href":"https:\/\/pepelasalonline.com\/de\/wp-json\/wp\/v2\/types\/product"}],"wp:featuredmedia":[{"embeddable":true,"href":"https:\/\/pepelasalonline.com\/de\/wp-json\/wp\/v2\/media\/110754"}],"wp:attachment":[{"href":"https:\/\/pepelasalonline.com\/de\/wp-json\/wp\/v2\/media?parent=13543"}],"wp:term":[{"taxonomy":"product_cat","embeddable":true,"href":"https:\/\/pepelasalonline.com\/de\/wp-json\/wp\/v2\/product_cat?post=13543"},{"taxonomy":"product_tag","embeddable":true,"href":"https:\/\/pepelasalonline.com\/de\/wp-json\/wp\/v2\/product_tag?post=13543"}],"curies":[{"name":"wp","href":"https:\/\/api.w.org\/{rel}","templated":true}]}}