{"id":13065,"date":"2020-07-14T20:05:41","date_gmt":"2020-07-14T20:05:41","guid":{"rendered":""},"modified":"2026-05-04T12:00:04","modified_gmt":"2026-05-04T12:00:04","slug":"PPLSL-109997","status":"publish","type":"product","link":"https:\/\/pepelasalonline.com\/de\/product\/PPLSL-109997\/","title":{"rendered":"HEINZ MINESTRONE SUPPE 400GR"},"content":{"rendered":"<p>Wasser, Tomaten (23%), Karotten (9%), Nudeln (7%, Wasser, Hartweizengrie\u00df, Eiwei\u00df), Zwiebeln, Erbsen, Molke, rote Paprika, Kartoffeln, Bohnen, Maismehl, modifiziertes Maismehl, Lauch, Salz, Aroma (enth\u00e4lt Sellerie, Sellerie), Hefeextrakt, Kr\u00e4uter, schwarzer Pfeffer<\/p>","protected":false},"excerpt":{"rendered":"<p>Wasser, Tomaten (23%), Karotten (9%), Nudeln (7%, Wasser, Hartweizengrie\u00df, Eiwei\u00df), Zwiebeln, Erbsen, Molke, rote Paprika, Kartoffeln, Bohnen, Maismehl, modifiziertes Maismehl, Lauch, Salz, Aroma (enth\u00e4lt Sellerie, Sellerie), Hefeextrakt, Kr\u00e4uter, schwarzer Pfeffer<\/p>","protected":false},"featured_media":110542,"template":"","meta":[],"product_cat":[1103],"product_tag":[],"class_list":{"0":"post-13065","1":"product","2":"type-product","3":"status-publish","4":"has-post-thumbnail","6":"product_cat-PPLSL-2612-section-40-familia-9-subfamilia-7","8":"first","9":"instock","10":"shipping-taxable","11":"purchasable","12":"product-type-simple"},"_links":{"self":[{"href":"https:\/\/pepelasalonline.com\/de\/wp-json\/wp\/v2\/product\/13065","targetHints":{"allow":["GET"]}}],"collection":[{"href":"https:\/\/pepelasalonline.com\/de\/wp-json\/wp\/v2\/product"}],"about":[{"href":"https:\/\/pepelasalonline.com\/de\/wp-json\/wp\/v2\/types\/product"}],"wp:featuredmedia":[{"embeddable":true,"href":"https:\/\/pepelasalonline.com\/de\/wp-json\/wp\/v2\/media\/110542"}],"wp:attachment":[{"href":"https:\/\/pepelasalonline.com\/de\/wp-json\/wp\/v2\/media?parent=13065"}],"wp:term":[{"taxonomy":"product_cat","embeddable":true,"href":"https:\/\/pepelasalonline.com\/de\/wp-json\/wp\/v2\/product_cat?post=13065"},{"taxonomy":"product_tag","embeddable":true,"href":"https:\/\/pepelasalonline.com\/de\/wp-json\/wp\/v2\/product_tag?post=13065"}],"curies":[{"name":"wp","href":"https:\/\/api.w.org\/{rel}","templated":true}]}}