{"id":12586,"date":"2020-07-14T20:05:12","date_gmt":"2020-07-14T20:05:12","guid":{"rendered":""},"modified":"2026-03-24T10:41:49","modified_gmt":"2026-03-24T10:41:49","slug":"PPLSL-90574","status":"publish","type":"product","link":"https:\/\/pepelasalonline.com\/de\/product\/PPLSL-90574\/","title":{"rendered":"OKELAN-RINDERKOTELETT"},"content":{"rendered":"<p>Rinderkotelett mit gro\u00dfer Infiltration, ideal f\u00fcr Ihre Grillabende, mit einer Reifung von 60 Tagen von K\u00fchen, die \u00e4lter als 7 Jahre sind. Wir empfehlen, das Fleisch vor dem Kochen bei einer Temperatur von 28\u00b0C zu temperieren.<\/p>","protected":false},"excerpt":{"rendered":"<ul>\n<li>Gewicht ca. 1100 Gramm<\/li>\n<li>Abstammung Baskenland<\/li>\n<\/ul>","protected":false},"featured_media":109809,"template":"","meta":[],"product_cat":[1744,1665],"product_tag":[],"class_list":{"0":"post-12586","1":"product","2":"type-product","3":"status-publish","4":"has-post-thumbnail","6":"product_cat-PPLSL-2862-section-58-familia-1-subfamilia-1","7":"product_cat-PPLSL-2784-section-1-familia-9-subfamilia-3","9":"first","10":"instock","11":"shipping-taxable","12":"purchasable","13":"product-type-simple"},"_links":{"self":[{"href":"https:\/\/pepelasalonline.com\/de\/wp-json\/wp\/v2\/product\/12586","targetHints":{"allow":["GET"]}}],"collection":[{"href":"https:\/\/pepelasalonline.com\/de\/wp-json\/wp\/v2\/product"}],"about":[{"href":"https:\/\/pepelasalonline.com\/de\/wp-json\/wp\/v2\/types\/product"}],"wp:featuredmedia":[{"embeddable":true,"href":"https:\/\/pepelasalonline.com\/de\/wp-json\/wp\/v2\/media\/109809"}],"wp:attachment":[{"href":"https:\/\/pepelasalonline.com\/de\/wp-json\/wp\/v2\/media?parent=12586"}],"wp:term":[{"taxonomy":"product_cat","embeddable":true,"href":"https:\/\/pepelasalonline.com\/de\/wp-json\/wp\/v2\/product_cat?post=12586"},{"taxonomy":"product_tag","embeddable":true,"href":"https:\/\/pepelasalonline.com\/de\/wp-json\/wp\/v2\/product_tag?post=12586"}],"curies":[{"name":"wp","href":"https:\/\/api.w.org\/{rel}","templated":true}]}}