{"id":12571,"date":"2020-07-14T20:05:11","date_gmt":"2020-07-14T20:05:11","guid":{"rendered":""},"modified":"2026-03-24T10:41:49","modified_gmt":"2026-03-24T10:41:49","slug":"pplsl-90662","status":"publish","type":"product","link":"https:\/\/pepelasalonline.com\/de\/product\/pplsl-90662\/","title":{"rendered":"ADOBIERTE FL\u00dcGEL"},"content":{"rendered":"<p>H\u00e4hnchenfl\u00fcgel, mariniert mit Zwiebeln, Knoblauch, Gew\u00fcrzen und aromatischen Kr\u00e4utern. Ideal zum Grillen, Backen und Braten.<\/p>","protected":false},"excerpt":{"rendered":"<ul>\n<li>Gewicht ca. 100gr Einheit<\/li>\n<li>LACTOSEFREI<\/li>\n<li>GLUTENFREI<\/li>\n<li>SOJAFREI<\/li>\n<\/ul>","protected":false},"featured_media":109844,"template":"","meta":[],"product_cat":[1744,1667],"product_tag":[],"class_list":{"0":"post-12571","1":"product","2":"type-product","3":"status-publish","4":"has-post-thumbnail","6":"product_cat-PPLSL-2862-section-58-familia-1-subfamilia-1","7":"product_cat-PPLSL-2786-section-1-familia-6-subfamilia-9","9":"first","10":"outofstock","11":"shipping-taxable","12":"purchasable","13":"product-type-simple"},"_links":{"self":[{"href":"https:\/\/pepelasalonline.com\/de\/wp-json\/wp\/v2\/product\/12571","targetHints":{"allow":["GET"]}}],"collection":[{"href":"https:\/\/pepelasalonline.com\/de\/wp-json\/wp\/v2\/product"}],"about":[{"href":"https:\/\/pepelasalonline.com\/de\/wp-json\/wp\/v2\/types\/product"}],"wp:featuredmedia":[{"embeddable":true,"href":"https:\/\/pepelasalonline.com\/de\/wp-json\/wp\/v2\/media\/109844"}],"wp:attachment":[{"href":"https:\/\/pepelasalonline.com\/de\/wp-json\/wp\/v2\/media?parent=12571"}],"wp:term":[{"taxonomy":"product_cat","embeddable":true,"href":"https:\/\/pepelasalonline.com\/de\/wp-json\/wp\/v2\/product_cat?post=12571"},{"taxonomy":"product_tag","embeddable":true,"href":"https:\/\/pepelasalonline.com\/de\/wp-json\/wp\/v2\/product_tag?post=12571"}],"curies":[{"name":"wp","href":"https:\/\/api.w.org\/{rel}","templated":true}]}}