{"id":12545,"date":"2020-07-14T20:05:10","date_gmt":"2020-07-14T20:05:10","guid":{"rendered":""},"modified":"2026-03-24T10:41:48","modified_gmt":"2026-03-24T10:41:48","slug":"pplsl-90540","status":"publish","type":"product","link":"https:\/\/pepelasalonline.com\/de\/product\/pplsl-90540\/","title":{"rendered":"MORUNOS KEBABS"},"content":{"rendered":"<p>HERGESTELLT MIT MAGEREM SCHWEINEFLEISCH. GEW\u00dcRZT MIT WEISSWEIN, \u00d6L UND GEW\u00dcRZEN (ENTH\u00c4LT SULFITE) GLUTENFREI.<\/p>","protected":false},"excerpt":{"rendered":"<ul>\n<li>Gewicht ca. 150gr Einheit<\/li>\n<li>ENTH\u00c4LT SULFITE<\/li>\n<li>GLUTENFREI<\/li>\n<li>LACTOSEFREI<\/li>\n<\/ul>","protected":false},"featured_media":109804,"template":"","meta":[],"product_cat":[1744,1666],"product_tag":[],"class_list":{"0":"post-12545","1":"product","2":"type-product","3":"status-publish","4":"has-post-thumbnail","6":"product_cat-PPLSL-2862-section-58-familia-1-subfamilia-1","7":"product_cat-PPLSL-2785-section-1-familia-6-subfamilia-8","9":"first","10":"instock","11":"shipping-taxable","12":"purchasable","13":"product-type-simple"},"_links":{"self":[{"href":"https:\/\/pepelasalonline.com\/de\/wp-json\/wp\/v2\/product\/12545","targetHints":{"allow":["GET"]}}],"collection":[{"href":"https:\/\/pepelasalonline.com\/de\/wp-json\/wp\/v2\/product"}],"about":[{"href":"https:\/\/pepelasalonline.com\/de\/wp-json\/wp\/v2\/types\/product"}],"wp:featuredmedia":[{"embeddable":true,"href":"https:\/\/pepelasalonline.com\/de\/wp-json\/wp\/v2\/media\/109804"}],"wp:attachment":[{"href":"https:\/\/pepelasalonline.com\/de\/wp-json\/wp\/v2\/media?parent=12545"}],"wp:term":[{"taxonomy":"product_cat","embeddable":true,"href":"https:\/\/pepelasalonline.com\/de\/wp-json\/wp\/v2\/product_cat?post=12545"},{"taxonomy":"product_tag","embeddable":true,"href":"https:\/\/pepelasalonline.com\/de\/wp-json\/wp\/v2\/product_tag?post=12545"}],"curies":[{"name":"wp","href":"https:\/\/api.w.org\/{rel}","templated":true}]}}