{"id":12377,"date":"2020-07-14T20:04:59","date_gmt":"2020-07-14T20:04:59","guid":{"rendered":""},"modified":"2026-04-07T15:52:29","modified_gmt":"2026-04-07T13:52:29","slug":"pplsl-90753","status":"publish","type":"product","link":"https:\/\/pepelasalonline.com\/de\/product\/pplsl-90753\/","title":{"rendered":"GESCHWUNGENE KALBE"},"content":{"rendered":"<p>Spie\u00df mit extra gutem Rindfleisch, gr\u00fcnem und rotem Paprika und Zwiebeln. Mariniert mit Wei\u00dfwein und schwarzem Pfeffer (ENTH\u00c4LT SULPHITEN) GLUTENFREI.<\/p>","protected":false},"excerpt":{"rendered":"<ul>\n<li>Gewicht ca. 150gr Einheit<\/li>\n<li>ENTH\u00c4LT SULFITE<\/li>\n<li>GLUTENFREI<\/li>\n<li>LACTOSEFREI<\/li>\n<\/ul>","protected":false},"featured_media":109928,"template":"","meta":[],"product_cat":[1744,1666],"product_tag":[],"class_list":{"0":"post-12377","1":"product","2":"type-product","3":"status-publish","4":"has-post-thumbnail","6":"product_cat-PPLSL-2862-section-58-familia-1-subfamilia-1","7":"product_cat-PPLSL-2785-section-1-familia-6-subfamilia-8","9":"first","10":"instock","11":"shipping-taxable","12":"purchasable","13":"product-type-simple"},"_links":{"self":[{"href":"https:\/\/pepelasalonline.com\/de\/wp-json\/wp\/v2\/product\/12377","targetHints":{"allow":["GET"]}}],"collection":[{"href":"https:\/\/pepelasalonline.com\/de\/wp-json\/wp\/v2\/product"}],"about":[{"href":"https:\/\/pepelasalonline.com\/de\/wp-json\/wp\/v2\/types\/product"}],"wp:featuredmedia":[{"embeddable":true,"href":"https:\/\/pepelasalonline.com\/de\/wp-json\/wp\/v2\/media\/109928"}],"wp:attachment":[{"href":"https:\/\/pepelasalonline.com\/de\/wp-json\/wp\/v2\/media?parent=12377"}],"wp:term":[{"taxonomy":"product_cat","embeddable":true,"href":"https:\/\/pepelasalonline.com\/de\/wp-json\/wp\/v2\/product_cat?post=12377"},{"taxonomy":"product_tag","embeddable":true,"href":"https:\/\/pepelasalonline.com\/de\/wp-json\/wp\/v2\/product_tag?post=12377"}],"curies":[{"name":"wp","href":"https:\/\/api.w.org\/{rel}","templated":true}]}}