{"id":12360,"date":"2020-07-14T20:04:58","date_gmt":"2020-07-14T20:04:58","guid":{"rendered":""},"modified":"2026-03-24T10:41:44","modified_gmt":"2026-03-24T10:41:44","slug":"PPLSL-90726","status":"publish","type":"product","link":"https:\/\/pepelasalonline.com\/de\/product\/PPLSL-90726\/","title":{"rendered":"T.BON STEAK"},"content":{"rendered":"<p>Typisches englisches und amerikanisches Teilst\u00fcck. Es besteht aus Lende und Filet, die durch einen charakteristischen T-f\u00f6rmigen Knochen verbunden sind. Ideal f\u00fcr die Zubereitung auf dem Grill oder Barbecue.<\/p>","protected":false},"excerpt":{"rendered":"<ul>\n<li>Gewicht ca. 800gr pro St\u00fcck<\/li>\n<li>Staatsanwaltschaft<\/li>\n<li>(Asturien, Galicien, Le\u00f3n)<\/li>\n<\/ul>","protected":false},"featured_media":109884,"template":"","meta":[],"product_cat":[1744,1663],"product_tag":[],"class_list":{"0":"post-12360","1":"product","2":"type-product","3":"status-publish","4":"has-post-thumbnail","6":"product_cat-PPLSL-2862-section-58-familia-1-subfamilia-1","7":"product_cat-PPLSL-2781-section-1-familia-5-subfamilia-9","9":"first","10":"outofstock","11":"shipping-taxable","12":"purchasable","13":"product-type-simple"},"_links":{"self":[{"href":"https:\/\/pepelasalonline.com\/de\/wp-json\/wp\/v2\/product\/12360","targetHints":{"allow":["GET"]}}],"collection":[{"href":"https:\/\/pepelasalonline.com\/de\/wp-json\/wp\/v2\/product"}],"about":[{"href":"https:\/\/pepelasalonline.com\/de\/wp-json\/wp\/v2\/types\/product"}],"wp:featuredmedia":[{"embeddable":true,"href":"https:\/\/pepelasalonline.com\/de\/wp-json\/wp\/v2\/media\/109884"}],"wp:attachment":[{"href":"https:\/\/pepelasalonline.com\/de\/wp-json\/wp\/v2\/media?parent=12360"}],"wp:term":[{"taxonomy":"product_cat","embeddable":true,"href":"https:\/\/pepelasalonline.com\/de\/wp-json\/wp\/v2\/product_cat?post=12360"},{"taxonomy":"product_tag","embeddable":true,"href":"https:\/\/pepelasalonline.com\/de\/wp-json\/wp\/v2\/product_tag?post=12360"}],"curies":[{"name":"wp","href":"https:\/\/api.w.org\/{rel}","templated":true}]}}