{"id":11539,"date":"2020-07-14T20:03:22","date_gmt":"2020-07-14T20:03:22","guid":{"rendered":""},"modified":"2026-03-24T10:40:51","modified_gmt":"2026-03-24T10:40:51","slug":"PPLSL-13226","status":"publish","type":"product","link":"https:\/\/pepelasalonline.com\/de\/product\/PPLSL-13226\/","title":{"rendered":"EHRMANN GRAND DESSERT SCHOKOLADE 190GR"},"content":{"rendered":"<p>Magermilch, 20% Sahne, Molkenpulver, Glukose-Fruktose-Sirup, Zucker, modifizierte St\u00e4rke, fettarmer Kakao Arriba,<br \/>\nVerdickungsmittel: Carrageen (E262), Guarkernmehl (E412); Gelatine, Emulgator: Milchs\u00e4ureester von Monoglyceriden und Diglyceriden<br \/>\nvon Fetts\u00e4uren (E472b), Stickstoff (E941), Aromen<\/p>","protected":false},"excerpt":{"rendered":"<p>Leche desnatada, 20% de crema, suero en polvo, jarabe de glucosa-fructosa, az\u00facar, almid\u00f3n modificado, cacao bajo en grasa Arriba, espesante: carragenina (E262), goma guar (E412); La gelatina, emulsionante: \u00e9steres de \u00e1cido l\u00e1ctico de monoglic\u00e9ridos y diglic\u00e9ridos de \u00e1cidos grasos (E472b), nitr\u00f3geno (E941), aroma<\/p>","protected":false},"featured_media":78884,"template":"","meta":[],"product_cat":[1265],"product_tag":[],"class_list":{"0":"post-11539","1":"product","2":"type-product","3":"status-publish","4":"has-post-thumbnail","6":"product_cat-PPLSL-2038-section-41-familia-8-subfamilia-7","8":"first","9":"instock","10":"shipping-taxable","11":"purchasable","12":"product-type-simple"},"_links":{"self":[{"href":"https:\/\/pepelasalonline.com\/de\/wp-json\/wp\/v2\/product\/11539","targetHints":{"allow":["GET"]}}],"collection":[{"href":"https:\/\/pepelasalonline.com\/de\/wp-json\/wp\/v2\/product"}],"about":[{"href":"https:\/\/pepelasalonline.com\/de\/wp-json\/wp\/v2\/types\/product"}],"wp:featuredmedia":[{"embeddable":true,"href":"https:\/\/pepelasalonline.com\/de\/wp-json\/wp\/v2\/media\/78884"}],"wp:attachment":[{"href":"https:\/\/pepelasalonline.com\/de\/wp-json\/wp\/v2\/media?parent=11539"}],"wp:term":[{"taxonomy":"product_cat","embeddable":true,"href":"https:\/\/pepelasalonline.com\/de\/wp-json\/wp\/v2\/product_cat?post=11539"},{"taxonomy":"product_tag","embeddable":true,"href":"https:\/\/pepelasalonline.com\/de\/wp-json\/wp\/v2\/product_tag?post=11539"}],"curies":[{"name":"wp","href":"https:\/\/api.w.org\/{rel}","templated":true}]}}