{"id":11518,"date":"2020-07-14T20:03:21","date_gmt":"2020-07-14T20:03:21","guid":{"rendered":""},"modified":"2026-03-24T10:40:51","modified_gmt":"2026-03-24T10:40:51","slug":"PPLSL-13249","status":"publish","type":"product","link":"https:\/\/pepelasalonline.com\/de\/product\/PPLSL-13249\/","title":{"rendered":"EHRMANN DOPPELTER TOFFEE DESSERT 190GR"},"content":{"rendered":"<p>Magermilch, 20% Sahne, Zucker, Molkenpulver, modifizierte St\u00e4rke, Glukose-Fruktose-Sirup, Karamellsirup,<br \/>\nKaramellcreme (Zucker, Wasser, Magermilchpulver, Glukosesirup), Verdickungsmittel: Carrageen, Guarkernmehl; Gelatine<br \/>\nLebensmittel, Vollmilchpulver, Aroma, Emulgator E 472b, Salz.<\/p>","protected":false},"excerpt":{"rendered":"<p>leche desnatada, 20% de nata, az\u00facar, polvo de suero de leche, almid\u00f3n modificado, jarabe de glucosa-fructosa, jarabe de caramelo, crema de caramelo (az\u00facar, agua, leche desnatada en polvo, jarabe de glucosa), espesante: carragenina, goma guar; Gelatina comestible, leche entera en polvo, sabor, emulsionante E 472b,sal.<\/p>","protected":false},"featured_media":78888,"template":"","meta":[],"product_cat":[1265],"product_tag":[],"class_list":{"0":"post-11518","1":"product","2":"type-product","3":"status-publish","4":"has-post-thumbnail","6":"product_cat-PPLSL-2038-section-41-familia-8-subfamilia-7","8":"first","9":"instock","10":"shipping-taxable","11":"purchasable","12":"product-type-simple"},"_links":{"self":[{"href":"https:\/\/pepelasalonline.com\/de\/wp-json\/wp\/v2\/product\/11518","targetHints":{"allow":["GET"]}}],"collection":[{"href":"https:\/\/pepelasalonline.com\/de\/wp-json\/wp\/v2\/product"}],"about":[{"href":"https:\/\/pepelasalonline.com\/de\/wp-json\/wp\/v2\/types\/product"}],"wp:featuredmedia":[{"embeddable":true,"href":"https:\/\/pepelasalonline.com\/de\/wp-json\/wp\/v2\/media\/78888"}],"wp:attachment":[{"href":"https:\/\/pepelasalonline.com\/de\/wp-json\/wp\/v2\/media?parent=11518"}],"wp:term":[{"taxonomy":"product_cat","embeddable":true,"href":"https:\/\/pepelasalonline.com\/de\/wp-json\/wp\/v2\/product_cat?post=11518"},{"taxonomy":"product_tag","embeddable":true,"href":"https:\/\/pepelasalonline.com\/de\/wp-json\/wp\/v2\/product_tag?post=11518"}],"curies":[{"name":"wp","href":"https:\/\/api.w.org\/{rel}","templated":true}]}}