{"id":11130,"date":"2020-07-14T20:02:08","date_gmt":"2020-07-14T20:02:08","guid":{"rendered":""},"modified":"2026-03-24T10:40:10","modified_gmt":"2026-03-24T10:40:10","slug":"PPLSL-1093","status":"publish","type":"product","link":"https:\/\/pepelasalonline.com\/de\/product\/PPLSL-1093\/","title":{"rendered":"SHARWOODS TIKKA MASALA 420GR"},"content":{"rendered":"<p>Wasser, Tomaten (32%), Joghurt (9%) (Milch), Doppelrahm (8%) (Milch), Zucker, modifizierte Maisst\u00e4rke, Zwiebel, Kokosnusscreme, Ingwerp\u00fcree, Knoblauchp\u00fcree, getrocknete Kokosnuss, Gemahlener Kreuzk\u00fcmmel, Raps\u00f6l, gemahlene Koriandersamen, Koriander, Salz, gemahlene Gew\u00fcrze, Zitronensaftkonzentrat, S\u00e4ureregulator (Milchs\u00e4ure), Farbstoff (Paprikaextrakt), Salz, gemahlene Gew\u00fcrze, Zitronensaftkonzentrat, S\u00e4ureregulator (Milchs\u00e4ure), Farbstoff (Paprikaextrakt).<\/p>","protected":false},"excerpt":{"rendered":"<p>Wasser, Tomaten (32%), Joghurt (9%) (Milch), Doppelrahm (8%) (Milch), Zucker, modifizierte Maisst\u00e4rke, Zwiebel, Kokosnusscreme, Ingwerp\u00fcree, Knoblauchp\u00fcree, getrocknete Kokosnuss, Gemahlener Kreuzk\u00fcmmel, Raps\u00f6l, gemahlene Koriandersamen, Koriander, Salz, gemahlene Gew\u00fcrze, Zitronensaftkonzentrat, S\u00e4ureregulator (Milchs\u00e4ure), Farbstoff (Paprikaextrakt), Salz, gemahlene Gew\u00fcrze, Zitronensaftkonzentrat, S\u00e4ureregulator (Milchs\u00e4ure), Farbstoff (Paprikaextrakt).<\/p>","protected":false},"featured_media":722091,"template":"","meta":[],"product_cat":[1088],"product_tag":[],"class_list":{"0":"post-11130","1":"product","2":"type-product","3":"status-publish","4":"has-post-thumbnail","6":"product_cat-PPLSL-1903-section-40-familia-7-subfamilia-10","8":"first","9":"instock","10":"shipping-taxable","11":"purchasable","12":"product-type-simple"},"_links":{"self":[{"href":"https:\/\/pepelasalonline.com\/de\/wp-json\/wp\/v2\/product\/11130","targetHints":{"allow":["GET"]}}],"collection":[{"href":"https:\/\/pepelasalonline.com\/de\/wp-json\/wp\/v2\/product"}],"about":[{"href":"https:\/\/pepelasalonline.com\/de\/wp-json\/wp\/v2\/types\/product"}],"wp:featuredmedia":[{"embeddable":true,"href":"https:\/\/pepelasalonline.com\/de\/wp-json\/wp\/v2\/media\/722091"}],"wp:attachment":[{"href":"https:\/\/pepelasalonline.com\/de\/wp-json\/wp\/v2\/media?parent=11130"}],"wp:term":[{"taxonomy":"product_cat","embeddable":true,"href":"https:\/\/pepelasalonline.com\/de\/wp-json\/wp\/v2\/product_cat?post=11130"},{"taxonomy":"product_tag","embeddable":true,"href":"https:\/\/pepelasalonline.com\/de\/wp-json\/wp\/v2\/product_tag?post=11130"}],"curies":[{"name":"wp","href":"https:\/\/api.w.org\/{rel}","templated":true}]}}