{"id":5200,"date":"2018-10-17T07:29:56","date_gmt":"2018-10-17T07:29:56","guid":{"rendered":"https:\/\/demo.madrasthemes.com\/electro\/?page_id=2"},"modified":"2020-05-22T19:22:18","modified_gmt":"2020-05-22T17:22:18","slug":"supermercados","status":"publish","type":"page","link":"https:\/\/pepelasalonline.com\/de\/supermercados\/","title":{"rendered":"Supermercados"},"content":{"rendered":"<h3>MORAIRA<\/h3>\n<p>Der Supermarkt im Zentrum von Moraira hat eine Fl\u00e4che von 300 Quadratmetern.<sup>2<\/sup> Das Gesch\u00e4ft verf\u00fcgt \u00fcber einen Verkaufsraum, eine Feinkostabteilung, eine Metzgerei sowie eine Obst- und Gem\u00fcseabteilung. Es bietet einen direkten Kundenservice sowie eine Auswahl an Produkten, die speziell auf nationale Kunden ausgerichtet sind.<\/p>\n<h3>MORAIRA-TEULADA<\/h3>\n<p>Sie hat eine Fl\u00e4che von 950 m<sup>2<\/sup> wo die Kunden die Abteilungen Feinkost, Metzgerei, B\u00e4ckerei und Konditorei, Fisch, Obst und Gem\u00fcse finden. Es bietet eine direkte Kundenbetreuung sowie eine Auswahl der besten nationalen und importierten Produkte. Au\u00dferdem verf\u00fcgt es \u00fcber einen Presse- und Buchhandelsservice.<\/p>\n<h3>BENITACHELL<\/h3>\n<p>Sie hat eine Fl\u00e4che von 700 m<sup>2<\/sup> in dem es einen Feinkostladen, eine Metzgerei, eine B\u00e4ckerei, eine Konditorei sowie eine Obst- und Gem\u00fcseabteilung gibt. Es bietet eine direkte Kundenbetreuung sowie eine gro\u00dfe Auswahl an nationalen und importierten Produkten. Es gibt auch einen Pressedienst.<\/p>\n<h3>BENISSA<\/h3>\n<p>Der vollst\u00e4ndigste unserer Superm\u00e4rkte, mit einer Fl\u00e4che von 2.500 m\u00b2.<sup>2<\/sup>Es verf\u00fcgt \u00fcber einen Feinkostladen, eine Metzgerei, eine B\u00e4ckerei, eine Konditorei, einen Fischladen sowie eine Obst- und Gem\u00fcseabteilung. Es bietet eine direkte Kundenbetreuung und das gr\u00f6\u00dfte Angebot an nationalen und importierten Produkten an der Costa Blanca. Au\u00dferdem gibt es ein Gesch\u00e4ft f\u00fcr Haushaltswaren und Elektroger\u00e4te, einen Presseservice, ein Bar-Restaurant, einen Friseur, eine W\u00e4scherei und eine Tankstelle. <em>niedrige K\u00fcste<\/em> und Autow\u00e4sche (Handwaschanlage).<\/p>\n<h3>PARKEN<\/h3>\n<p>Die Pepe la Sal-Superm\u00e4rkte verf\u00fcgen \u00fcber <em>Parkh\u00e4user<\/em> kostenlose Privatparkpl\u00e4tze, damit die Kunden keine Parkplatzprobleme haben, wenn sie einkaufen wollen. Die Parkpl\u00e4tze, die wir anbieten:<\/p>\n<p><em>Parken<\/em> Pepe la Sal Benitachell (Cumbre del Sol) - 39 ungedeckte Pl\u00e4tze;<br \/>\n<em>Parken<\/em> Pepe la Sal Barclays Shopping Centre - 28 Innen- und 69 Au\u00dfenpl\u00e4tze;<br \/>\n<em>Parken<\/em> Pepe la Sal Benissa (Stra\u00dfe Calpe-Moraira) hat 3 Parkpl\u00e4tze:<\/p>\n<ul>\n<li>Stockwerk 0 - 29 ungedeckte Pl\u00e4tze;<\/li>\n<li>Stockwerk I - 20 unbedeckte Pl\u00e4tze und 32 bedeckte Pl\u00e4tze;<\/li>\n<li>Stockwerk II - 37 unbedeckte Pl\u00e4tze und 47 bedeckte Pl\u00e4tze.<\/li>\n<\/ul>","protected":false},"excerpt":{"rendered":"<p>MORAIRA El supermercado situado en el centro de Moraira cuenta con una superficie de 300 m2 de sala de venta y dispone de las secciones de charcuter\u00eda, carnicer\u00eda, fruta y verdura. Ofrece trato directo al cliente, as\u00ed como una selecci\u00f3n de productos especialmente enfocados al cliente nacional. MORAIRA-TEULADA Cuenta con una superficie de 950 m2 [&hellip;]<\/p>\n","protected":false},"author":1,"featured_media":0,"parent":0,"menu_order":0,"comment_status":"closed","ping_status":"open","template":"","meta":{"footnotes":""},"class_list":["post-5200","page","type-page","status-publish","hentry"],"_links":{"self":[{"href":"https:\/\/pepelasalonline.com\/de\/wp-json\/wp\/v2\/pages\/5200","targetHints":{"allow":["GET"]}}],"collection":[{"href":"https:\/\/pepelasalonline.com\/de\/wp-json\/wp\/v2\/pages"}],"about":[{"href":"https:\/\/pepelasalonline.com\/de\/wp-json\/wp\/v2\/types\/page"}],"author":[{"embeddable":true,"href":"https:\/\/pepelasalonline.com\/de\/wp-json\/wp\/v2\/users\/1"}],"replies":[{"embeddable":true,"href":"https:\/\/pepelasalonline.com\/de\/wp-json\/wp\/v2\/comments?post=5200"}],"version-history":[{"count":2,"href":"https:\/\/pepelasalonline.com\/de\/wp-json\/wp\/v2\/pages\/5200\/revisions"}],"predecessor-version":[{"id":10394,"href":"https:\/\/pepelasalonline.com\/de\/wp-json\/wp\/v2\/pages\/5200\/revisions\/10394"}],"wp:attachment":[{"href":"https:\/\/pepelasalonline.com\/de\/wp-json\/wp\/v2\/media?parent=5200"}],"curies":[{"name":"wp","href":"https:\/\/api.w.org\/{rel}","templated":true}]}}