{"id":2494,"date":"2016-03-09T05:41:44","date_gmt":"2016-03-09T05:41:44","guid":{"rendered":"https:\/\/demo2.chethemes.com\/electro\/?page_id=2494"},"modified":"2020-05-22T19:14:57","modified_gmt":"2020-05-22T17:14:57","slug":"historia-de-la-empresa","status":"publish","type":"page","link":"https:\/\/pepelasalonline.com\/de\/historia-de-la-empresa\/","title":{"rendered":"Historia de la empresa"},"content":{"rendered":"<div  class=\"section-element\"><div class=\"row\"><div class=\"large-12 nasa-col columns\"><div  class=\"wpb_text_column wpb_content_element\"><p>Das Unternehmen Pepe la Sal wurde 1935 als Lebensmittelgesch\u00e4ft in der Stadt Moraira gegr\u00fcndet. Ihr Gr\u00fcnder war Jos\u00e9 Font Ortol\u00e1, auch bekannt als Pepe la Sal und mit dem Spitznamen Pepe la Sal versehen, weil er fr\u00fcher im Dorf Salz verkaufte.<\/p>\n<p>Nach einigen Jahren heirateten seine beiden S\u00f6hne, Vicente und Jos\u00e9 Font Vives, die Schwestern Joaquina und Juanita Vall\u00e9s Garc\u00eda. Gemeinsam \u00fcbernahmen sie das Lebensmittelgesch\u00e4ft in Moraira und er\u00f6ffneten einen kleinen Lebensmittelladen von 80 m2.<sup>2<\/sup> im Jahr 1967, in dem Grundnahrungsmittel verkauft wurden.<\/p>\n<p>Sp\u00e4ter, im Jahr 1968, erwarben sie ein Grundst\u00fcck in der so genannten Urbanizaci\u00f3n San Jaime, die an die Stra\u00dfe Moraira-Calpe (KM 3) angrenzt, und er\u00f6ffneten eine Futterstelle von etwa 250 m.<sup>2<\/sup>.<\/p>\n<p>Im Laufe der Jahre wurde es umgestaltet und im Jahr 2003 zum heutigen PEPE LA SAL SHOPPING CENTRE. Zurzeit verf\u00fcgt es \u00fcber eine Gesch\u00e4ftsfl\u00e4che von 2 500 m2.<sup>2<\/sup>Die neuen L\u00e4den befinden sich zwischen dem Supermarkt und einer Einkaufspassage, in der verschiedene Gesch\u00e4fte untergebracht sind. Die Absicht des Unternehmens ist es, seinen Kunden, von denen die meisten Ausl\u00e4nder sind, einen besseren Service zu bieten.<\/p>\n<p>1983 erwarb das Unternehmen einen Supermarkt im so genannten CENTRO COMERCIAL EUROPEO an der Stra\u00dfe Moraira-Teulada (KM 1,5), der 2006 geschlossen wurde, weil der Supermarkt im BARCLAYS COMMERCIAL CENTRE, ganz in der N\u00e4he des vorherigen, er\u00f6ffnet wurde.<\/p>\n<p>Im Jahr 2000 wurde im Zentrum von Moraira ein Supermarkt mit einer Fl\u00e4che von etwa 300 m\u00b2 er\u00f6ffnet.<sup>2<\/sup>in der Calle Las Vi\u00f1as, mit einem eher einfachen Sortiment f\u00fcr den nationalen Kunden.<\/p>\n<p>Neben der Er\u00f6ffnung des Supermarkts im Barclays Shopping Centre im Jahr 2006 wurde auch ein Supermarkt in der Urbanisation Cumbre del Sol in Benitachell mit einer Fl\u00e4che von 700 m2 er\u00f6ffnet.<sup>2<\/sup>.<\/p>\n<p>Seit 2004 wird das Unternehmen von den Kindern von Joaquina und Vicente sowie von Juanita und Jos\u00e9 gef\u00fchrt.<\/p>\n<\/div><\/div><\/div><\/div>","protected":false},"excerpt":{"rendered":"","protected":false},"author":1,"featured_media":0,"parent":0,"menu_order":0,"comment_status":"closed","ping_status":"closed","template":"","meta":{"footnotes":""},"class_list":["post-2494","page","type-page","status-publish","hentry"],"_links":{"self":[{"href":"https:\/\/pepelasalonline.com\/de\/wp-json\/wp\/v2\/pages\/2494","targetHints":{"allow":["GET"]}}],"collection":[{"href":"https:\/\/pepelasalonline.com\/de\/wp-json\/wp\/v2\/pages"}],"about":[{"href":"https:\/\/pepelasalonline.com\/de\/wp-json\/wp\/v2\/types\/page"}],"author":[{"embeddable":true,"href":"https:\/\/pepelasalonline.com\/de\/wp-json\/wp\/v2\/users\/1"}],"replies":[{"embeddable":true,"href":"https:\/\/pepelasalonline.com\/de\/wp-json\/wp\/v2\/comments?post=2494"}],"version-history":[{"count":4,"href":"https:\/\/pepelasalonline.com\/de\/wp-json\/wp\/v2\/pages\/2494\/revisions"}],"predecessor-version":[{"id":10383,"href":"https:\/\/pepelasalonline.com\/de\/wp-json\/wp\/v2\/pages\/2494\/revisions\/10383"}],"wp:attachment":[{"href":"https:\/\/pepelasalonline.com\/de\/wp-json\/wp\/v2\/media?parent=2494"}],"curies":[{"name":"wp","href":"https:\/\/api.w.org\/{rel}","templated":true}]}}