{"id":10586,"date":"2020-06-16T15:44:43","date_gmt":"2020-06-16T13:44:43","guid":{"rendered":"https:\/\/pepelasalonline.com\/?page_id=10586"},"modified":"2024-04-22T23:54:50","modified_gmt":"2024-04-22T21:54:50","slug":"condiciones-generales-de-uso","status":"publish","type":"page","link":"https:\/\/pepelasalonline.com\/de\/condiciones-generales-de-uso\/","title":{"rendered":"Allgemeine Bedingungen f\u00fcr die Nutzung"},"content":{"rendered":"<div data-elementor-type=\"wp-page\" data-elementor-id=\"10586\" class=\"elementor elementor-10586\" data-elementor-post-type=\"page\">\n\t\t\t\t<div class=\"elementor-element elementor-element-4318cf38 e-flex e-con-boxed e-con e-parent\" data-id=\"4318cf38\" data-element_type=\"container\">\n\t\t\t\t\t<div class=\"e-con-inner\">\n\t\t\t\t<div class=\"elementor-element elementor-element-c750eb8 elementor-widget elementor-widget-heading\" data-id=\"c750eb8\" data-element_type=\"widget\" data-widget_type=\"heading.default\">\n\t\t\t\t<div class=\"elementor-widget-container\">\n\t\t\t\t\t<h2 class=\"elementor-heading-title elementor-size-default\">Allgemeine Bedingungen f\u00fcr die Nutzung<\/h2>\t\t\t\t<\/div>\n\t\t\t\t<\/div>\n\t\t\t\t<div class=\"elementor-element elementor-element-868bb69 elementor-widget elementor-widget-html\" data-id=\"868bb69\" data-element_type=\"widget\" data-widget_type=\"html.default\">\n\t\t\t\t<div class=\"elementor-widget-container\">\n\t\t\t\t\t<div class=\"entry-content\">\n\t\t\t<p><a href=\"https:\/\/pepelasalonline.com\/de\/\"><strong>HTTPS:\/\/PEPELASALONLINE.COM<\/strong><\/a><strong>&nbsp; <\/strong><\/p>\n<p><strong>1.- OBJEKT.<\/strong><\/p>\n<p>Die vorliegenden allgemeinen Nutzungsbedingungen (im Folgenden AVB) regeln den Zugang und die Nutzung der Website unter der Domain <a href=\"https:\/\/pepelasalonline.com\/de\/\">https:\/\/pepelasalonline.com<\/a> (nachstehend Website), Eigentum von \"<strong>PEPE LA SAL, S.L.<\/strong>\" (im Folgenden <strong>PEPE LA SAL<\/strong>), die den Nutzern zur Verf\u00fcgung gestellt werden (nachstehend \"die <strong>Benutzer\/in<\/strong>).<\/p>\n<p>Sollten Sie irgendwelche Zweifel oder Fragen bez\u00fcglich der Nutzung und des Zugangs zur Website oder zu den vorliegenden AGB haben, k\u00f6nnen Sie uns \u00fcber die im Impressum ver\u00f6ffentlichten Kontaktdaten kontaktieren.<\/p>\n<p><strong>2.- \u00dcBEREINSTIMMUNG MIT DEN VORLIEGENDEN ALLGEMEINEN BEDINGUNGEN.<\/strong><\/p>\n<p><em><u>Die Nutzung der Website impliziert die vollst\u00e4ndige Annahme der folgenden Bestimmungen durch den Nutzer <strong>Benutzer<\/strong> der GTU, die zu einem bestimmten Zeitpunkt in Kraft sind, wenn die <strong>Benutzer<\/strong> Zugang zu ihr. Wenn Sie mit einer der hier dargelegten Bedingungen nicht einverstanden sind, sollten Sie daher von der Nutzung dieser Website absehen.<\/u><\/em><\/p>\n<p>Daher muss der Nutzer die NB jedes Mal sorgf\u00e4ltig lesen, wenn er die Website nutzen m\u00f6chte.<\/p>\n<p>Auf jeden Fall, <strong>PEPE LA SAL <\/strong>beh\u00e4lt sich das Recht vor, die TOU jederzeit und ohne vorherige Ank\u00fcndigung zu \u00e4ndern. Sie beh\u00e4lt sich au\u00dferdem das Recht vor <strong>PEPE LA SAL <\/strong>beh\u00e4lt sich das Recht vor, den Betrieb der Website jederzeit auszusetzen, zu unterbrechen oder einzustellen.<\/p>\n<p>Unter <strong>\"Nutzung der Website\".<\/strong>ist f\u00fcr alle verst\u00e4ndlich <strong>Benutzer<\/strong> der auf die Website zugreift und diese durchsucht, unabh\u00e4ngig davon, ob er die Registrierungsformulare ausf\u00fcllt.<\/p>\n<p><strong>3.- BEDINGUNGEN F\u00dcR DEN ZUGANG UND DIE NUTZUNG DER WEBSITE UND IHRER INHALTE.<\/strong><\/p>\n<p>Der Zugriff auf die Website und\/oder die darin enthaltenen Inhalte impliziert keinerlei Garantie hinsichtlich der Eignung der Website und\/oder der darin enthaltenen Inhalte f\u00fcr die besonderen oder spezifischen Zwecke der Nutzer.<\/p>\n<p><strong>PEPE LA SAL<\/strong> kann zus\u00e4tzliche Beschr\u00e4nkungen und\/oder Bedingungen f\u00fcr die Nutzung und\/oder den Zugang zur Website und\/oder zu den Inhalten festlegen, die von den Nutzern in jedem Fall eingehalten werden m\u00fcssen.<\/p>\n<p><strong>3.1- Zugang und Nutzung der Website.<\/strong><\/p>\n<p>Sofern nicht anders angegeben, ist die Nutzung der Website kostenlos, unbeschadet der Kosten f\u00fcr den Anschluss an das entsprechende Telekommunikationsnetz, das der Nutzer beauftragt hat. <strong>Benutzer<\/strong>.<\/p>\n<p>Die <strong>Benutzer<\/strong> best\u00e4tigt, dass er\/sie \u00fcber achtzehn Jahre alt ist und sich bewusst ist, dass die Nutzung der Website in jedem Fall unter seiner\/ihrer alleinigen und ausschlie\u00dflichen Verantwortung erfolgt, und dass er\/sie dies freiwillig und ausdr\u00fccklich akzeptiert.<\/p>\n<p>Der Nutzer verpflichtet sich, die AGB sowie die auf der Website enthaltenen besonderen Warnhinweise oder Anweisungen zu beachten und stets in \u00dcbereinstimmung mit dem Gesetz, den guten Sitten und den Erfordernissen von Treu und Glauben zu handeln, wobei er sich nach besten Kr\u00e4ften und unter Ber\u00fccksichtigung der Art und des Gegenwerts der von ihm in Anspruch genommenen Dienstleistung bem\u00fcht. Zu diesem Zweck werden Sie es unterlassen, die Website in einer Weise zu nutzen, die das normale Funktionieren derselben, das Eigentum oder die Rechte der folgenden Personen beeintr\u00e4chtigt, besch\u00e4digt oder verschlechtert <strong>PEPE LA SAL<\/strong>Der Nutzer, seine Lieferanten, seine H\u00e4ndler, andere Nutzer oder Dritte im Allgemeinen.<\/p>\n<p>Insbesondere, und ohne dass dies eine Einschr\u00e4nkung der von der Kommission \u00fcbernommenen Verpflichtung bedeuten w\u00fcrde <strong>Benutzer<\/strong> im Allgemeinen gem\u00e4\u00df dem vorstehenden Absatz, die <strong>Benutzer<\/strong> verpflichtet ist, die Website zu nutzen:<\/p>\n<ol>\n<li>a) keine Informationen oder Materialien auf oder von der Website einzugeben, zu speichern oder zu verbreiten, die verleumderisch, verleumderisch, obsz\u00f6n, bedrohlich, fremdenfeindlich, pornografisch sind, den Terrorismus unterst\u00fctzen, zu Gewalt aufstacheln, Diskriminierung aus Gr\u00fcnden der Ethnie, des Geschlechts, der Ideologie oder der Religion darstellen oder in irgendeiner Weise die Form, die \u00f6ffentliche Ordnung, die Grundrechte, die \u00f6ffentlichen Freiheiten, die Ehre, die Privatsph\u00e4re oder das Ansehen Dritter und im Allgemeinen die geltenden Vorschriften verletzen.<\/li>\n<li>b) \u00fcber die Website keine Computerprogramme, Daten, Viren, Codes oder andere elektronische oder physische Instrumente oder Vorrichtungen einzuf\u00fchren, zu speichern oder zu verbreiten, die der Website, einem der Dienste oder einer der Ausr\u00fcstungen, Systeme oder Netzwerke von <strong>PEPE LA SAL<\/strong>eines Nutzers, der Anbieter oder Vertreiber von <strong>PEPE LA SAL<\/strong> oder allgemein von Dritten, die geeignet sind, irgendeine Art von Ver\u00e4nderung zu bewirken oder das normale Funktionieren derselben zu verhindern.<\/li>\n<li>c) \u00fcber die Website keine Inhalte einzuf\u00fchren, zu speichern oder zu verbreiten, die gegen die Vorschriften \u00fcber das geistige oder gewerbliche Eigentum oder die Rechte Dritter versto\u00dfen, oder generell keine Inhalte, f\u00fcr die er nach dem Gesetz nicht das Recht hat, sie Dritten zug\u00e4nglich zu machen.<\/li>\n<\/ol>\n<p><strong>3.2- Zugang und Nutzung der Inhalte.<\/strong><\/p>\n<p>Der Inhalt der Website wird dem Benutzer zur Verf\u00fcgung gestellt. <strong>Benutzer<\/strong> mit Informationen aus eigenen und fremden Quellen.<\/p>\n<p><strong>PEPE LA SAL<\/strong> bem\u00fcht sich sicherzustellen, dass die Inhalte von h\u00f6chstm\u00f6glicher Qualit\u00e4t und angemessener Aktualit\u00e4t sind, \u00fcbernimmt jedoch keine Garantie f\u00fcr die N\u00fctzlichkeit, Genauigkeit, Vollst\u00e4ndigkeit, Relevanz und\/oder Aktualit\u00e4t der Inhalte.<\/p>\n<p><strong>4.- RECHTE AN GEISTIGEM UND GEWERBLICHEM EIGENTUM.<\/strong><\/p>\n<p>Diese TOU \u00fcbertragen keine geistigen oder gewerblichen Eigentumsrechte an der Website oder einem ihrer Bestandteile, und es ist ausdr\u00fccklich untersagt <strong>Benutzer<\/strong> die Vervielf\u00e4ltigung, die Umwandlung, die Verbreitung, die \u00f6ffentliche Wiedergabe, die Zug\u00e4nglichmachung, die Entnahme, die Wiederverwendung, die Weiterleitung oder die Verwendung jeglicher Art, gleichg\u00fcltig mit welchen Mitteln oder Verfahren, au\u00dfer in den F\u00e4llen, in denen dies gesetzlich erlaubt oder vom Inhaber der entsprechenden Rechte genehmigt ist.<\/p>\n<p>Die <strong>Benutzer<\/strong> eine vor\u00fcbergehende Privatkopie der Inhalte f\u00fcr ihren ausschlie\u00dflichen pers\u00f6nlichen und privaten Gebrauch auf ihren Computersystemen (Software und Hardware) ansehen und erhalten k\u00f6nnen, sofern dies nicht der Aus\u00fcbung von T\u00e4tigkeiten kommerzieller oder beruflicher Art dient. Die <strong>Benutzer<\/strong> unterl\u00e4sst es, die Inhalte durch andere Mittel oder Verfahren als die jeweils zu diesem Zweck zur Verf\u00fcgung gestellten oder angegebenen oder die \u00fcblicherweise im Internet verwendeten zu beschaffen oder zu beschaffen zu versuchen (sofern letztere nicht die Gefahr einer Besch\u00e4digung oder Deaktivierung der Website mit sich bringen). Die <strong>Benutzer<\/strong> muss zu jeder Zeit alle geistigen und gewerblichen Eigentumsrechte an der Website respektieren, die Eigentum von <strong>PEPE LA SAL<\/strong> oder von Dritten.<\/p>\n<p><strong>5.- AUSSCHLUSS VON GEW\u00c4HRLEISTUNG UND HAFTUNG.<\/strong><\/p>\n<p><strong>5.1.- Ausschluss von Garantien und Haftung f\u00fcr das Funktionieren der Website.<\/strong><\/p>\n<p><strong>PEPE LA SAL<\/strong> garantiert weder die Verf\u00fcgbarkeit und Kontinuit\u00e4t des Funktionierens der Website und der darin angebotenen Dienstleistungen oder Inhalte noch die Aktualit\u00e4t der Inhalte der Website und ist von jeglicher Haftung f\u00fcr Sch\u00e4den jeglicher Art, die sich aus solchen Umst\u00e4nden ergeben k\u00f6nnten, befreit.<\/p>\n<p><strong>PEPE LA SAL<\/strong> f\u00fchrt, sofern keine Umst\u00e4nde vorliegen, die die Durchf\u00fchrung unm\u00f6glich machen oder erschweren, sobald sie von den Fehlern, Unterbrechungen und\/oder der fehlenden Aktualisierung der Inhalte Kenntnis erlangt, alle Aufgaben aus, die auf die Behebung der Fehler, die Wiederherstellung der Kommunikation und\/oder die Aktualisierung der vorgenannten Inhalte abzielen.<\/p>\n<p>Auch, <strong>PEPE LA SAL<\/strong> garantiert weder die technische Zuverl\u00e4ssigkeit ihrer Website noch den Zugang zu den verschiedenen Seiten und ist ebenfalls von jeglicher Haftung f\u00fcr Sch\u00e4den jeglicher Art, die aus diesem Grund entstehen k\u00f6nnten, befreit.<\/p>\n<p>Dar\u00fcber hinaus, <strong>PEPE LA SAL<\/strong> haftet nicht f\u00fcr Fehler oder Sicherheitsverletzungen, die sich aus der Nutzung dieser Website durch den Nutzer ergeben k\u00f6nnen. <strong>Benutzer<\/strong> eines Browsers mit einer veralteten oder unsicheren Version des Browsers oder f\u00fcr etwaige Sch\u00e4den, Fehler oder Ungenauigkeiten, die sich aus der Fehlfunktion des Browsers ergeben k\u00f6nnen.<\/p>\n<p>Um das Risiko der Einschleppung von Viren in die Website zu verringern, werden alle Inhalte, die in die Website eingestellt werden, mit Hilfe von Virenerkennungssoftware \u00fcberpr\u00fcft. Jedoch, <strong>PEPE LA SAL<\/strong> garantiert weder die Abwesenheit von Viren noch von anderen Elementen auf der Website, die von Dritten au\u00dferhalb der <strong>PEPE LA SAL<\/strong> die zu Ver\u00e4nderungen in den physischen oder logischen Systemen der Nutzer oder in den elektronischen Dokumenten und Dateien, die in ihren Systemen gespeichert sind, f\u00fchren k\u00f6nnen. Folglich, <strong>PEPE LA SAL<\/strong> haftet in keinem Fall f\u00fcr Sch\u00e4den jeglicher Art, die sich aus dem Vorhandensein von Viren oder anderen Elementen ergeben k\u00f6nnen, die Ver\u00e4nderungen in den physischen oder logischen Systemen, elektronischen Dokumenten oder Dateien des <strong>Benutzer<\/strong>.<\/p>\n<p><strong>PEPE LA SAL<\/strong> ergreift verschiedene Schutzma\u00dfnahmen, um die Website, die gesammelten Daten und die Inhalte gegen Computerangriffe durch Dritte zu sch\u00fctzen. Allerdings, <strong>PEPE LA SAL<\/strong> garantiert nicht, dass unbefugte Dritte keinen Zugriff auf die Art der Nutzung oder das Browsing der Website durch den Nutzer haben. <strong>Benutzer<\/strong> oder die Bedingungen, Merkmale und Umst\u00e4nde, unter denen sie durchgef\u00fchrt wird. Entsprechend, <strong>PEPE LA SAL<\/strong> haftet in keinem Fall f\u00fcr Sch\u00e4den, die aus einem solchen unbefugten Zugriff entstehen k\u00f6nnen.<\/p>\n<p><strong>PEPE LA SAL<\/strong> haftet unter keinen Umst\u00e4nden f\u00fcr die Nutzung der Website oder der Inhalte durch die Nutzer und\/oder Dritte sowie f\u00fcr Sch\u00e4den, die sich daraus ergeben k\u00f6nnen.<\/p>\n<p><strong>5.2.- Ausschluss von Garantien und Haftung f\u00fcr den Inhalt.<\/strong><\/p>\n<p><strong>PEPE LA SAL<\/strong> redigiert die auf der Website ver\u00f6ffentlichten Inhalte Dritter nicht und garantiert folglich nicht und ist nicht verantwortlich f\u00fcr die Rechtm\u00e4\u00dfigkeit, Zuverl\u00e4ssigkeit, N\u00fctzlichkeit, Wahrhaftigkeit, Genauigkeit, Vollst\u00e4ndigkeit und Aktualit\u00e4t der besagten Inhalte, noch f\u00fcr die Inhalte, die von <strong>PEPE LA SAL<\/strong>. <strong>PEPE LA SAL<\/strong> haftet in keinem Fall f\u00fcr Sch\u00e4den, die sich ergeben k\u00f6nnen aus: (i) der mangelnden Rechtm\u00e4\u00dfigkeit, Wahrhaftigkeit, Genauigkeit, Vollst\u00e4ndigkeit und\/oder Aktualit\u00e4t der Inhalte, die von Dritten oder von ihr selbst stammen; (ii) der Ungeeignetheit f\u00fcr irgendeinen Zweck und der Entt\u00e4uschung der durch die Inhalte geweckten Erwartungen; (iii) Entscheidungen oder Handlungen, die der Nutzer im Vertrauen auf die in den Inhalten bereitgestellten Informationen oder Daten getroffen oder unterlassen hat, einschlie\u00dflich, aber nicht beschr\u00e4nkt auf den Verlust von Gewinnen oder Gesch\u00e4ftsm\u00f6glichkeiten.<\/p>\n<p><strong>6.- HYPERLINKS.<\/strong><\/p>\n<p>Personen, die beabsichtigen, Hyperlinks zwischen ihrer Webseite und der Website einzurichten, m\u00fcssen die folgenden Bedingungen beachten und einhalten:<\/p>\n<ol>\n<li>i) Eine vorherige Genehmigung ist nicht erforderlich, wenn der Hyperlink nur den Zugang zur Startseite der Website erm\u00f6glicht, diese aber nicht in irgendeiner Form reproduziert werden darf. Jede andere Form des Hyperlinks bedarf der ausdr\u00fccklichen und unmissverst\u00e4ndlichen schriftlichen Genehmigung durch <strong>PEPE LA SAL<\/strong>.<\/li>\n<li>ii) Die Webseite, auf der der Hyperlink eingerichtet wird, darf nur das enthalten, was unbedingt notwendig ist, um das Ziel des Hyperlinks zu identifizieren.<\/li>\n<\/ol>\n<p>iii) Die Webseite, auf der der Hyperlink eingerichtet wird, darf keine Informationen oder Inhalte enthalten, die rechtswidrig sind, gegen die guten Sitten und die allgemein anerkannten guten Sitten und die \u00f6ffentliche Ordnung versto\u00dfen, noch darf sie Inhalte enthalten, die Rechte Dritter verletzen.<\/p>\n<ol>\n<li>iv) <strong>PEPE LA SAL<\/strong> beh\u00e4lt sich das Recht vor, Hyperlinks zur Website zu sperren, f\u00fcr die keine ausdr\u00fcckliche vorherige Genehmigung vorliegt, auch wenn sie mit den Bestimmungen dieses Punktes der Allgemeinen Gesch\u00e4ftsbedingungen \u00fcbereinstimmen.<\/li>\n<\/ol>\n<p><strong>7.- MASSNAHMEN BEI NICHTEINHALTUNG.<\/strong><\/p>\n<p><strong>PEPE LA SAL<\/strong> beh\u00e4lt sich das Recht vor, alle rechtlich m\u00f6glichen Ma\u00dfnahmen zu ergreifen, um die Verantwortlichkeiten zu \u00fcbernehmen, die sich aus der Verletzung einer der Bestimmungen der vorliegenden Allgemeinen Bedingungen der Website durch einen Nutzer ergeben.<\/p>\n<p><strong>8.- TEILWEISE NICHTIGKEIT.<\/strong><\/p>\n<p>Die Erkl\u00e4rung einer der in diesen Allgemeinen Bedingungen enthaltenen Klauseln als nichtig, ung\u00fcltig oder unwirksam ber\u00fchrt nicht die G\u00fcltigkeit oder Wirksamkeit der \u00fcbrigen Klauseln, die weiterhin zwischen den Parteien verbindlich sind.<\/p>\n<p><strong>9.- ANWENDBARES RECHT UND GERICHTSBARKEIT.<\/strong><\/p>\n<p>Diese ANB unterliegen den Bestimmungen des spanischen Rechts.<\/p>\n<p>Alle Streitigkeiten im Zusammenhang mit den Bedingungen f\u00fcr die Nutzung und den Zugang zu dieser Website in diesem Dokument der Website GTU enthalten, die Parteien unterwerfen, ausdr\u00fccklich unter Verzicht auf jede andere Zust\u00e4ndigkeit, die ihnen entsprechen k\u00f6nnen, sofern nicht anders durch das Gesetz bestimmt, den Gerichten von Denia.<\/p>\n<p><strong>10.- BENACHRICHTIGUNGEN. <\/strong><\/p>\n<p>F\u00fcr die Durchf\u00fchrung der entsprechenden Mitteilungen, <strong>PEPE LA SAL<\/strong> benennt als Kontaktadresse die im Impressum angegebene Adresse.<\/p>\n<p>Die E-Mail-Adresse, die von der <strong>Benutzer<\/strong> bei der Registrierung auf der Website, wird die von der <strong>PEPE LA SAL<\/strong> zum Zweck der Benachrichtigung des Nutzers.<\/p>\n<p>Die <strong>Benutzer<\/strong> ist verpflichtet, die in dieser Klausel genannten Daten zu Meldezwecken ordnungsgem\u00e4\u00df auf dem neuesten Stand zu halten.<\/p>\n<p>Alle Benachrichtigungen, die Sie machen <strong>PEPE LA SAL<\/strong> unter <strong>Benutzer<\/strong> gelten als g\u00fcltig, wenn sie unter Verwendung der oben genannten Daten und mit den oben genannten Mitteln vorgenommen wurden. <strong>PEPE LA SAL<\/strong> haftet nicht f\u00fcr Sch\u00e4den, die sich aus der Verletzung der <strong>Benutzer<\/strong> von seiner Verpflichtung, seine Kontaktdaten auf dem neuesten Stand zu halten.<\/p>\n<p><img loading=\"lazy\" decoding=\"async\" class=\"alignnone size-full wp-image-10587\" src=\"https:\/\/pepelasalonline.com\/wp-content\/uploads\/2020\/06\/pro_coden.png\" alt=\"\" width=\"155\" height=\"115\"><\/p>\n\t\t<\/div>\t\t\t\t<\/div>\n\t\t\t\t<\/div>\n\t\t\t\t\t<\/div>\n\t\t\t\t<\/div>\n\t\t\t\t<\/div>","protected":false},"excerpt":{"rendered":"<p>Condiciones generales de uso HTTPS:\/\/PEPELASALONLINE.COM&nbsp; 1.- OBJETO. Las presentes condiciones generales de uso (en adelante CGU), regulan el acceso y el uso del Website bajo el dominio https:\/\/pepelasalonline.com (en adelante Website), titularidad de \u201cPEPE LA SAL, S.L.\u201d (en adelante PEPE LA SAL), puesto a disposici\u00f3n de los usuarios (en adelante Usuario\/s). Ante cualquier duda o [&hellip;]<\/p>\n","protected":false},"author":1,"featured_media":0,"parent":0,"menu_order":0,"comment_status":"closed","ping_status":"closed","template":"","meta":{"footnotes":""},"class_list":["post-10586","page","type-page","status-publish","hentry"],"_links":{"self":[{"href":"https:\/\/pepelasalonline.com\/de\/wp-json\/wp\/v2\/pages\/10586","targetHints":{"allow":["GET"]}}],"collection":[{"href":"https:\/\/pepelasalonline.com\/de\/wp-json\/wp\/v2\/pages"}],"about":[{"href":"https:\/\/pepelasalonline.com\/de\/wp-json\/wp\/v2\/types\/page"}],"author":[{"embeddable":true,"href":"https:\/\/pepelasalonline.com\/de\/wp-json\/wp\/v2\/users\/1"}],"replies":[{"embeddable":true,"href":"https:\/\/pepelasalonline.com\/de\/wp-json\/wp\/v2\/comments?post=10586"}],"version-history":[{"count":7,"href":"https:\/\/pepelasalonline.com\/de\/wp-json\/wp\/v2\/pages\/10586\/revisions"}],"predecessor-version":[{"id":73370,"href":"https:\/\/pepelasalonline.com\/de\/wp-json\/wp\/v2\/pages\/10586\/revisions\/73370"}],"wp:attachment":[{"href":"https:\/\/pepelasalonline.com\/de\/wp-json\/wp\/v2\/media?parent=10586"}],"curies":[{"name":"wp","href":"https:\/\/api.w.org\/{rel}","templated":true}]}}