{"id":10297,"date":"2020-05-18T19:19:52","date_gmt":"2020-05-18T17:19:52","guid":{"rendered":"https:\/\/pepelasalonline.com\/?page_id=10297"},"modified":"2024-04-23T00:03:19","modified_gmt":"2024-04-22T22:03:19","slug":"politica-de-cookies","status":"publish","type":"page","link":"https:\/\/pepelasalonline.com\/de\/politica-de-cookies\/","title":{"rendered":"Cookie-Richtlinie"},"content":{"rendered":"<div data-elementor-type=\"wp-page\" data-elementor-id=\"10297\" class=\"elementor elementor-10297\" data-elementor-post-type=\"page\">\n\t\t\t\t<div class=\"elementor-element elementor-element-43e64bf3 e-flex e-con-boxed e-con e-parent\" data-id=\"43e64bf3\" data-element_type=\"container\">\n\t\t\t\t\t<div class=\"e-con-inner\">\n\t\t\t\t<div class=\"elementor-element elementor-element-d107a27 elementor-widget elementor-widget-heading\" data-id=\"d107a27\" data-element_type=\"widget\" data-widget_type=\"heading.default\">\n\t\t\t\t<div class=\"elementor-widget-container\">\n\t\t\t\t\t<h2 class=\"elementor-heading-title elementor-size-default\">Cookie-Richtlinie<\/h2>\t\t\t\t<\/div>\n\t\t\t\t<\/div>\n\t\t\t\t<div class=\"elementor-element elementor-element-29a2550 elementor-widget elementor-widget-html\" data-id=\"29a2550\" data-element_type=\"widget\" data-widget_type=\"html.default\">\n\t\t\t\t<div class=\"elementor-widget-container\">\n\t\t\t\t\t<div class=\"entry-content\">\n\t<p><strong>COOKIE-INFORMATIONEN:<\/strong><\/p>\n<p>Cookies sind Dateien, die von Websites auf Ihren Computer heruntergeladen werden k\u00f6nnen. Sie sind Werkzeuge, die eine wesentliche Rolle bei der Bereitstellung zahlreicher Dienste der Informationsgesellschaft spielen. Sie erm\u00f6glichen es einer Website unter anderem, Informationen \u00fcber die Surfgewohnheiten eines Nutzers oder seiner Ger\u00e4te zu speichern und abzurufen, und k\u00f6nnen je nach den erhaltenen Informationen dazu verwendet werden, den Nutzer zu erkennen und den angebotenen Dienst zu verbessern.<\/p>\n<p><strong>DRITTANBIETER-COOKIES<\/strong><\/p>\n<p>Analyse- oder Mess-Cookies sind Cookies, die es dem Verantwortlichen erm\u00f6glichen, das Verhalten der Nutzer der Websites, mit denen sie verkn\u00fcpft sind, zu \u00fcberwachen und zu analysieren, einschlie\u00dflich der Quantifizierung der Wirkung von Werbung. Die durch diese Art von Cookies gesammelten Informationen werden verwendet, um die Aktivit\u00e4t der Websites, Anwendungen oder Plattformen zu messen, um Verbesserungen auf der Grundlage der Analyse der Nutzungsdaten der Nutzer des Dienstes einzuf\u00fchren. Die Rechtsgrundlage, die die Verarbeitung legitimiert, ist die ausdr\u00fcckliche Zustimmung des Nutzers.<\/p>\n<p><strong>KLASSIFIZIERUNG VON COOKIES:<\/strong><\/p>\n<p>Je nach der Einrichtung, die die Dom\u00e4ne verwaltet, von der die Cookies gesendet werden, und die die erhaltenen Daten verarbeitet, k\u00f6nnen zwei Arten von Cookies unterschieden werden: Erstanbieter-Cookies und Drittanbieter-Cookies. Es gibt auch eine zweite Klassifizierung nach der Dauer, die sie im Browser des Kunden gespeichert bleiben: Sitzungscookies oder dauerhafte Cookies. Schlie\u00dflich gibt es eine weitere Klassifizierung mit f\u00fcnf Arten von Cookies nach dem Zweck, zu dem die erhaltenen Daten verarbeitet werden: technische Cookies, Personalisierungs-Cookies, Analyse-Cookies, Werbe-Cookies und verhaltensbezogene Werbe-Cookies.<\/p>\n<p><strong>DIE AUF DER WEBSITE VERWENDETEN COOKIES:<\/strong><\/p>\n<p>Die Cookies, die in diesem Portal verwendet werden, sind im Folgenden aufgef\u00fchrt, ebenso wie ihre Art und Funktion: Ein technischer Cookie namens PHPSESSID, der f\u00fcr das korrekte Browsen der Webseiten und die Nutzung ihrer Funktionen erforderlich ist. Jedes andere Cookie, das f\u00fcr das Surfen und die Nutzung der Funktionen der Website unbedingt erforderlich ist.<\/p>\n<p><strong>WIE SIE IHRE COOKIE-EINSTELLUNGEN \u00c4NDERN K\u00d6NNEN:<\/strong><\/p>\n<p>Sie k\u00f6nnen Cookies von dieser Website oder jeder anderen Webseite mit Hilfe Ihres Browsers einschr\u00e4nken, blockieren oder l\u00f6schen. Jeder Browser funktioniert anders. Die Hilfefunktion zeigt Ihnen, wie Sie dies tun k\u00f6nnen.<\/p>\n<ul>\n<li><a href=\"http:\/\/windows.microsoft.com\/es-xl\/internet-explorer\/delete-manage-cookies#ie=ie-10\" target=\"_blank\" rel=\"noopener noreferrer\"><strong>Internet Explorer<\/strong><\/a><strong>&nbsp;*<\/strong><\/li>\n<li><a href=\"https:\/\/support.mozilla.org\/es\/kb\/Borrar%20cookies\" target=\"_blank\" rel=\"noopener noreferrer\"><strong>Firefox<\/strong><\/a><\/li>\n<li><a href=\"https:\/\/support.google.com\/chrome\/answer\/95647?hl=es\" target=\"_blank\" rel=\"noopener noreferrer\"><strong>Chrom<\/strong><\/a><\/li>\n<li><a href=\"https:\/\/www.youtube.com\/watch?v=gdfxTPW8eOo\" target=\"_blank\" rel=\"noopener noreferrer\"><strong>Video zur Konfiguration des CHROME-Browsers<\/strong><\/a><\/li>\n<li><strong><u>Safari:<\/u><\/strong> <strong><a href=\"http:\/\/www.apple.com\/es\/privacy\/use-of-cookies\/\" target=\"_blank\" rel=\"noopener noreferrer\">http:\/\/www.apple.com\/es\/privacy\/use-of-cookies\/<\/a><\/strong><\/li>\n<\/ul>\n<p><strong>*Cookies f\u00fcr Internet Explorer auf Englisch setzen.<\/strong><\/p>\n<ul>\n<li><strong>So l\u00f6schen Sie Cookies<\/strong><\/li>\n<\/ul>\n<ol>\n<li>W\u00e4hlen Sie im Internet Explorer die Option&nbsp;<strong>Werkzeuge<\/strong>er weist darauf hin&nbsp;<strong>Sicherheit<\/strong>und w\u00e4hlen Sie&nbsp;<strong>Browsing-Daten l\u00f6schen<\/strong>.<\/li>\n<li>W\u00e4hlen Sie das kleine Feld von&nbsp;<strong>Cookies und Website-Daten<\/strong>und w\u00e4hlen Sie&nbsp;<strong>L\u00f6schen<\/strong>.<\/li>\n<\/ol>\n<ul>\n<li><strong>So l\u00f6schen Sie Cookies in Internet Explorer 8<\/strong><\/li>\n<\/ul>\n<ol>\n<li>W\u00e4hlen Sie im Internet Explorer die Option&nbsp;<strong>Sicherheit<\/strong>und w\u00e4hlen Sie dann&nbsp;<strong>Browsing-Daten l\u00f6schen<\/strong>.<\/li>\n<li>W\u00e4hlen Sie das kleine K\u00e4stchen neben&nbsp;<strong>Kekse.<\/strong><\/li>\n<li>W\u00e4hlen Sie das kleine Feld von&nbsp;<strong>Daten von bevorzugten Websites aufbewahren&nbsp;<\/strong>wenn Sie die Cookies nicht l\u00f6schen m\u00f6chten, die mit Websites in Ihrer Liste der&nbsp;<strong>Favoriten<\/strong>.<\/li>\n<\/ol>\n<p><strong>Cookies blockieren oder zulassen<\/strong><\/p>\n<p>Wenn Sie nicht m\u00f6chten, dass Websites Cookies auf Ihrem PC speichern, k\u00f6nnen Sie Cookies blockieren. Das Blockieren von Cookies kann jedoch dazu f\u00fchren, dass einige Seiten nicht mehr richtig angezeigt werden, oder Sie erhalten eine Meldung von der Website, dass Sie Cookies zulassen m\u00fcssen, um diese Website zu sehen.<\/p>\n<ul>\n<li><strong>So blockieren oder erlauben Sie Cookies in Internet Explorer 11 f\u00fcr Windows 10<\/strong><\/li>\n<\/ul>\n<ol>\n<li>&nbsp;W\u00e4hlen Sie im Internet Explorer die Option<strong>Werkzeuge<\/strong>&nbsp;w\u00e4hlen Sie dann&nbsp;<strong>Internet-Optionen<\/strong>.<\/li>\n<li>W\u00e4hlen Sie die&nbsp;<strong>Datenschutz<\/strong>und unter&nbsp;<strong>Konfigurationen,&nbsp;<\/strong>W\u00e4hlen Sie&nbsp;<strong>Fortgeschrittene&nbsp;<\/strong>und w\u00e4hlen Sie, ob Sie Cookies der ersten und dritten Partei zulassen, blockieren oder gewarnt werden m\u00f6chten.<\/li>\n<\/ol>\n<ul>\n<li><strong>So blockieren oder erlauben Sie Cookies<\/strong><\/li>\n<\/ul>\n<ol>\n<li>W\u00e4hlen Sie im Internet Explorer die Option&nbsp;<strong>Werkzeuge<\/strong>w\u00e4hlen Sie dann&nbsp;<strong>Internet-Optionen<\/strong>.<\/li>\n<\/ol>\n<p>W\u00e4hlen Sie die&nbsp;<strong>Datenschutz<\/strong>und unter&nbsp;<strong>Konfigurationen<\/strong>um alle Cookies zu blockieren, schieben Sie den Schieberegler ganz nach oben, um alle Cookies zu blockieren (oder ganz nach unten, um alle Cookies zuzulassen), und w\u00e4hlen Sie dann&nbsp;<strong>OK<\/strong>.<\/p>\n\t\t<\/div>\t\t\t\t<\/div>\n\t\t\t\t<\/div>\n\t\t\t\t\t<\/div>\n\t\t\t\t<\/div>\n\t\t\t\t<\/div>","protected":false},"excerpt":{"rendered":"<p>Pol\u00edtica de Cookies INFORMACI\u00d3N DE COOKIES: Las cookies son archivos que se pueden descargar en su equipo a trav\u00e9s de las p\u00e1ginas web. Son herramientas que tienen un papel esencial para la prestaci\u00f3n de numerosos servicios de la sociedad de la informaci\u00f3n. Entre otros, permiten a una p\u00e1gina web almacenar y recuperar informaci\u00f3n sobre los [&hellip;]<\/p>\n","protected":false},"author":1,"featured_media":0,"parent":0,"menu_order":0,"comment_status":"closed","ping_status":"closed","template":"","meta":{"footnotes":""},"class_list":["post-10297","page","type-page","status-publish","hentry"],"_links":{"self":[{"href":"https:\/\/pepelasalonline.com\/de\/wp-json\/wp\/v2\/pages\/10297","targetHints":{"allow":["GET"]}}],"collection":[{"href":"https:\/\/pepelasalonline.com\/de\/wp-json\/wp\/v2\/pages"}],"about":[{"href":"https:\/\/pepelasalonline.com\/de\/wp-json\/wp\/v2\/types\/page"}],"author":[{"embeddable":true,"href":"https:\/\/pepelasalonline.com\/de\/wp-json\/wp\/v2\/users\/1"}],"replies":[{"embeddable":true,"href":"https:\/\/pepelasalonline.com\/de\/wp-json\/wp\/v2\/comments?post=10297"}],"version-history":[{"count":5,"href":"https:\/\/pepelasalonline.com\/de\/wp-json\/wp\/v2\/pages\/10297\/revisions"}],"predecessor-version":[{"id":73380,"href":"https:\/\/pepelasalonline.com\/de\/wp-json\/wp\/v2\/pages\/10297\/revisions\/73380"}],"wp:attachment":[{"href":"https:\/\/pepelasalonline.com\/de\/wp-json\/wp\/v2\/media?parent=10297"}],"curies":[{"name":"wp","href":"https:\/\/api.w.org\/{rel}","templated":true}]}}